{"id":1831,"date":"2022-02-16T16:23:21","date_gmt":"2022-02-16T16:23:21","guid":{"rendered":"https:\/\/www.zerohmt.com\/elvis-kokoshi\/"},"modified":"2022-03-04T11:07:01","modified_gmt":"2022-03-04T11:07:01","slug":"elvis-kokoshi","status":"publish","type":"page","link":"https:\/\/www.zerohmt.com\/sq\/elvis-kokoshi\/","title":{"rendered":"Elvis Kokoshi"},"content":{"rendered":"<p>[vc_row][vc_column]<!-- Start Team \n    ============================================= -->\n    <div class=\"team-single-area default-padding\">\n        <div class=\"container\">\n            <div class=\"top-info\">\n                <div class=\"row align-center\">\n                    <div class=\"col-lg-5 thumb\">\n                        <img decoding=\"async\" src=\"https:\/\/www.zerohmt.com\/wp-content\/uploads\/2022\/02\/women-profile.png\" alt=\"Thumb\">\n                    <\/div>\n                    <div class=\"col-lg-7 content\">\n                        <h2>Elvis Kokoshi<\/h2>\n                        <span>Pergjegj\u00ebs Artistik Dhe Teknik P\u00ebr Menaxhimin e Eventeve Dhe Hoteleris\u00eb<\/span>\n                        <p>\n                            Elvis Kokoshi perdor p\u00ebrvoj\u00ebn e tij 6 vje\u00e7are n\u00eb industrin\u00eb e hospitalitetit, p\u00ebr t'i b\u00ebr\u00eb eventet tuaja t\u00eb paharrueshme. Ai \u00ebsht\u00eb menaxheri yn\u00eb artistik dhe teknik p\u00ebr event, dhe gjithashtu p\u00ebrgjegj\u00ebs p\u00ebr sektorin ton\u00eb t\u00eb menaxhimit t\u00eb hoteleve.\n                        <\/p>\n                        <div class=\"social\">\n                            <ul>\n                                <li class=\"facebook\">\n                                    <a href=\"#\">\n                                        <i class=\"fab fa-facebook-f\"><\/i>\n                                    <\/a>\n                                <\/li>\n                                <li class=\"twitter\">\n                                    <a href=\"#\">\n                                        <i class=\"fab fa-twitter\"><\/i>\n                                    <\/a>\n                                <\/li>\n                                <li class=\"youtube\">\n                                    <a href=\"#\">\n                                        <i class=\"fab fa-youtube\"><\/i>\n                                    <\/a>\n                                <\/li>\n                                <li class=\"linkedin\">\n                                    <a href=\"#\">\n                                        <i class=\"fab fa-linkedin-in\"><\/i>\n                                    <\/a>\n                                <\/li>\n                            <\/ul>\n                        <\/div>\n\n                        <ul class=\"basic-info\">\n                            <li>\n                                <strong>Tel: <\/strong> <span>+355 69 303 3336<\/span>\n                            <\/li>\n                            <li>\n                                <strong>Email: <\/strong> <span>info@zerohmt.com<\/span>\n                            <\/li>\n                            <li>\n                                <strong>Website: <\/strong> <span><a href=\"https:\/\/www.zerohmt.com\/\">https:\/\/www.zerohmt.com\/<\/a><\/span>\n                            <\/li>\n                            <li>\n                                <strong>Eksperienc\u00eb: <\/strong> <span>6 Vite<\/span>\n                            <\/li>\n                        <\/ul>\n                    <\/div>\n                <\/div>\n            <\/div>\n            <div class=\"bottom-info\">\n                <div class=\"row\">\n                    <div class=\"col-lg-6\">\n                        <h2>M\u00eb shum\u00eb<\/h2>\n                        <p>\n                            Menaxher i p\u00ebrgjithsh\u00ebm i eventeve dhe hoteleve.\n                        <\/p>\n                    <\/div>\n                    <div class=\"col-lg-6 about-area reverse\">\n                        <div class=\"info\">\n                            <div class=\"skill-items\"><!-- Progress Bar Start -->\n                        <div class=\"progress-box\">\n                            <h5>Menaxhimi<\/h5>\n                            <div class=\"progress\">\n                                <div class=\"progress-bar\" role=\"progressbar\" data-width=\"88\">\n                                     <span>88%<\/span>\n                                <\/div>\n                            <\/div>\n                        <\/div>\n                        <!-- Progress Bar End --><!-- Progress Bar Start -->\n                        <div class=\"progress-box\">\n                            <h5>Menaxhimi<\/h5>\n                            <div class=\"progress\">\n                                <div class=\"progress-bar\" role=\"progressbar\" data-width=\"95\">\n                                     <span>95%<\/span>\n                                <\/div>\n                            <\/div>\n                        <\/div>\n                        <!-- Progress Bar End --><!-- Progress Bar Start -->\n                        <div class=\"progress-box\">\n                            <h5>Menaxhimi<\/h5>\n                            <div class=\"progress\">\n                                <div class=\"progress-bar\" role=\"progressbar\" data-width=\"80\">\n                                     <span>80%<\/span>\n                                <\/div>\n                            <\/div>\n                        <\/div>\n                        <!-- Progress Bar End --><\/div>\n                        <\/div>\n                    <\/div>\n                <\/div>\n            <\/div>\n        <\/div>\n    <\/div>\n    <!-- End Team -->[\/vc_column][\/vc_row]<\/p>\n","protected":false},"excerpt":{"rendered":"<p>[vc_row][vc_column][\/vc_column][\/vc_row]<\/p>\n","protected":false},"author":1,"featured_media":1655,"parent":0,"menu_order":0,"comment_status":"closed","ping_status":"closed","template":"page-templates\/pages.php","meta":{"footnotes":""},"class_list":["post-1831","page","type-page","status-publish","has-post-thumbnail","hentry"],"yoast_head":"<!-- This site is optimized with the Yoast SEO plugin v27.2 - https:\/\/yoast.com\/product\/yoast-seo-wordpress\/ -->\n<title>Elvis Kokoshi - Zero Hmt<\/title>\n<meta name=\"robots\" content=\"index, follow, max-snippet:-1, max-image-preview:large, max-video-preview:-1\" \/>\n<link rel=\"canonical\" href=\"https:\/\/www.zerohmt.com\/sq\/elvis-kokoshi\/\" \/>\n<meta property=\"og:locale\" content=\"sq_AL\" \/>\n<meta property=\"og:type\" content=\"article\" \/>\n<meta property=\"og:title\" content=\"Elvis Kokoshi - Zero Hmt\" \/>\n<meta property=\"og:description\" content=\"[vc_row][vc_column][\/vc_column][\/vc_row]\" \/>\n<meta property=\"og:url\" content=\"https:\/\/www.zerohmt.com\/sq\/elvis-kokoshi\/\" \/>\n<meta property=\"og:site_name\" content=\"Zero Hmt\" \/>\n<meta property=\"article:modified_time\" content=\"2022-03-04T11:07:01+00:00\" \/>\n<meta property=\"og:image\" content=\"https:\/\/www.zerohmt.com\/wp-content\/uploads\/2022\/01\/our-team-zerohmt.jpg\" \/>\n\t<meta property=\"og:image:width\" content=\"1920\" \/>\n\t<meta property=\"og:image:height\" content=\"812\" \/>\n\t<meta property=\"og:image:type\" content=\"image\/jpeg\" \/>\n<meta name=\"twitter:card\" content=\"summary_large_image\" \/>\n<meta name=\"twitter:label1\" content=\"Est. reading time\" \/>\n\t<meta name=\"twitter:data1\" content=\"1 minute\" \/>\n<script type=\"application\/ld+json\" class=\"yoast-schema-graph\">{\"@context\":\"https:\/\/schema.org\",\"@graph\":[{\"@type\":\"WebPage\",\"@id\":\"https:\/\/www.zerohmt.com\/sq\/elvis-kokoshi\/\",\"url\":\"https:\/\/www.zerohmt.com\/sq\/elvis-kokoshi\/\",\"name\":\"Elvis Kokoshi - Zero Hmt\",\"isPartOf\":{\"@id\":\"https:\/\/www.zerohmt.com\/#website\"},\"primaryImageOfPage\":{\"@id\":\"https:\/\/www.zerohmt.com\/sq\/elvis-kokoshi\/#primaryimage\"},\"image\":{\"@id\":\"https:\/\/www.zerohmt.com\/sq\/elvis-kokoshi\/#primaryimage\"},\"thumbnailUrl\":\"https:\/\/www.zerohmt.com\/wp-content\/uploads\/2022\/01\/our-team-zerohmt.jpg\",\"datePublished\":\"2022-02-16T16:23:21+00:00\",\"dateModified\":\"2022-03-04T11:07:01+00:00\",\"breadcrumb\":{\"@id\":\"https:\/\/www.zerohmt.com\/sq\/elvis-kokoshi\/#breadcrumb\"},\"inLanguage\":\"sq-AL\",\"potentialAction\":[{\"@type\":\"ReadAction\",\"target\":[\"https:\/\/www.zerohmt.com\/sq\/elvis-kokoshi\/\"]}]},{\"@type\":\"ImageObject\",\"inLanguage\":\"sq-AL\",\"@id\":\"https:\/\/www.zerohmt.com\/sq\/elvis-kokoshi\/#primaryimage\",\"url\":\"https:\/\/www.zerohmt.com\/wp-content\/uploads\/2022\/01\/our-team-zerohmt.jpg\",\"contentUrl\":\"https:\/\/www.zerohmt.com\/wp-content\/uploads\/2022\/01\/our-team-zerohmt.jpg\",\"width\":1920,\"height\":812},{\"@type\":\"BreadcrumbList\",\"@id\":\"https:\/\/www.zerohmt.com\/sq\/elvis-kokoshi\/#breadcrumb\",\"itemListElement\":[{\"@type\":\"ListItem\",\"position\":1,\"name\":\"Home\",\"item\":\"https:\/\/www.zerohmt.com\/sq\/\"},{\"@type\":\"ListItem\",\"position\":2,\"name\":\"Elvis Kokoshi\"}]},{\"@type\":\"WebSite\",\"@id\":\"https:\/\/www.zerohmt.com\/#website\",\"url\":\"https:\/\/www.zerohmt.com\/\",\"name\":\"Zero Hmt\",\"description\":\"My WordPress Blog\",\"potentialAction\":[{\"@type\":\"SearchAction\",\"target\":{\"@type\":\"EntryPoint\",\"urlTemplate\":\"https:\/\/www.zerohmt.com\/?s={search_term_string}\"},\"query-input\":{\"@type\":\"PropertyValueSpecification\",\"valueRequired\":true,\"valueName\":\"search_term_string\"}}],\"inLanguage\":\"sq-AL\"}]}<\/script>\n<!-- \/ Yoast SEO plugin. -->","yoast_head_json":{"title":"Elvis Kokoshi - Zero Hmt","robots":{"index":"index","follow":"follow","max-snippet":"max-snippet:-1","max-image-preview":"max-image-preview:large","max-video-preview":"max-video-preview:-1"},"canonical":"https:\/\/www.zerohmt.com\/sq\/elvis-kokoshi\/","og_locale":"sq_AL","og_type":"article","og_title":"Elvis Kokoshi - Zero Hmt","og_description":"[vc_row][vc_column][\/vc_column][\/vc_row]","og_url":"https:\/\/www.zerohmt.com\/sq\/elvis-kokoshi\/","og_site_name":"Zero Hmt","article_modified_time":"2022-03-04T11:07:01+00:00","og_image":[{"width":1920,"height":812,"url":"https:\/\/www.zerohmt.com\/wp-content\/uploads\/2022\/01\/our-team-zerohmt.jpg","type":"image\/jpeg"}],"twitter_card":"summary_large_image","twitter_misc":{"Est. reading time":"1 minute"},"schema":{"@context":"https:\/\/schema.org","@graph":[{"@type":"WebPage","@id":"https:\/\/www.zerohmt.com\/sq\/elvis-kokoshi\/","url":"https:\/\/www.zerohmt.com\/sq\/elvis-kokoshi\/","name":"Elvis Kokoshi - Zero Hmt","isPartOf":{"@id":"https:\/\/www.zerohmt.com\/#website"},"primaryImageOfPage":{"@id":"https:\/\/www.zerohmt.com\/sq\/elvis-kokoshi\/#primaryimage"},"image":{"@id":"https:\/\/www.zerohmt.com\/sq\/elvis-kokoshi\/#primaryimage"},"thumbnailUrl":"https:\/\/www.zerohmt.com\/wp-content\/uploads\/2022\/01\/our-team-zerohmt.jpg","datePublished":"2022-02-16T16:23:21+00:00","dateModified":"2022-03-04T11:07:01+00:00","breadcrumb":{"@id":"https:\/\/www.zerohmt.com\/sq\/elvis-kokoshi\/#breadcrumb"},"inLanguage":"sq-AL","potentialAction":[{"@type":"ReadAction","target":["https:\/\/www.zerohmt.com\/sq\/elvis-kokoshi\/"]}]},{"@type":"ImageObject","inLanguage":"sq-AL","@id":"https:\/\/www.zerohmt.com\/sq\/elvis-kokoshi\/#primaryimage","url":"https:\/\/www.zerohmt.com\/wp-content\/uploads\/2022\/01\/our-team-zerohmt.jpg","contentUrl":"https:\/\/www.zerohmt.com\/wp-content\/uploads\/2022\/01\/our-team-zerohmt.jpg","width":1920,"height":812},{"@type":"BreadcrumbList","@id":"https:\/\/www.zerohmt.com\/sq\/elvis-kokoshi\/#breadcrumb","itemListElement":[{"@type":"ListItem","position":1,"name":"Home","item":"https:\/\/www.zerohmt.com\/sq\/"},{"@type":"ListItem","position":2,"name":"Elvis Kokoshi"}]},{"@type":"WebSite","@id":"https:\/\/www.zerohmt.com\/#website","url":"https:\/\/www.zerohmt.com\/","name":"Zero Hmt","description":"My WordPress Blog","potentialAction":[{"@type":"SearchAction","target":{"@type":"EntryPoint","urlTemplate":"https:\/\/www.zerohmt.com\/?s={search_term_string}"},"query-input":{"@type":"PropertyValueSpecification","valueRequired":true,"valueName":"search_term_string"}}],"inLanguage":"sq-AL"}]}},"_links":{"self":[{"href":"https:\/\/www.zerohmt.com\/sq\/wp-json\/wp\/v2\/pages\/1831","targetHints":{"allow":["GET"]}}],"collection":[{"href":"https:\/\/www.zerohmt.com\/sq\/wp-json\/wp\/v2\/pages"}],"about":[{"href":"https:\/\/www.zerohmt.com\/sq\/wp-json\/wp\/v2\/types\/page"}],"author":[{"embeddable":true,"href":"https:\/\/www.zerohmt.com\/sq\/wp-json\/wp\/v2\/users\/1"}],"replies":[{"embeddable":true,"href":"https:\/\/www.zerohmt.com\/sq\/wp-json\/wp\/v2\/comments?post=1831"}],"version-history":[{"count":3,"href":"https:\/\/www.zerohmt.com\/sq\/wp-json\/wp\/v2\/pages\/1831\/revisions"}],"predecessor-version":[{"id":1834,"href":"https:\/\/www.zerohmt.com\/sq\/wp-json\/wp\/v2\/pages\/1831\/revisions\/1834"}],"wp:featuredmedia":[{"embeddable":true,"href":"https:\/\/www.zerohmt.com\/sq\/wp-json\/wp\/v2\/media\/1655"}],"wp:attachment":[{"href":"https:\/\/www.zerohmt.com\/sq\/wp-json\/wp\/v2\/media?parent=1831"}],"curies":[{"name":"wp","href":"https:\/\/api.w.org\/{rel}","templated":true}]}}