{"id":1657,"date":"2021-01-23T14:21:34","date_gmt":"2021-01-23T14:21:34","guid":{"rendered":"https:\/\/www.zerohmt.com\/contact-us\/"},"modified":"2022-03-04T11:24:15","modified_gmt":"2022-03-04T11:24:15","slug":"kontakt","status":"publish","type":"page","link":"https:\/\/www.zerohmt.com\/sq\/kontakt\/","title":{"rendered":"Kontakt"},"content":{"rendered":"<p>[vc_row][vc_column]<!-- Start Contact \n    ============================================= -->\n    <div class=\"contact-area overflow-hidden default-padding\">\n        <div class=\"container\">\n            <div class=\"row\">\n\n                <div class=\"col-lg-6 contact-form-box\">\n                    <div class=\"content\">\n                        <div class=\"heading\">\n                            <h2>Na kontaktoni!<\/h2>\n                            <p>Na shkruani p\u00ebr sh\u00ebrbimet m\u00eb t\u00eb mira n\u00eb fush\u00ebn e hospitalitetit.<\/p>\n                        <\/div>\n<div class=\"wpcf7 no-js\" id=\"wpcf7-f1759-o1\" lang=\"en-US\" dir=\"ltr\" data-wpcf7-id=\"1759\">\n<div class=\"screen-reader-response\"><p role=\"status\" aria-live=\"polite\" aria-atomic=\"true\"><\/p> <ul><\/ul><\/div>\n<form action=\"\/sq\/wp-json\/wp\/v2\/pages\/1657#wpcf7-f1759-o1\" method=\"post\" class=\"wpcf7-form init\" aria-label=\"Contact form\" novalidate=\"novalidate\" data-status=\"init\">\n<fieldset class=\"hidden-fields-container\"><input type=\"hidden\" name=\"_wpcf7\" value=\"1759\" \/><input type=\"hidden\" name=\"_wpcf7_version\" value=\"6.1.5\" \/><input type=\"hidden\" name=\"_wpcf7_locale\" value=\"en_US\" \/><input type=\"hidden\" name=\"_wpcf7_unit_tag\" value=\"wpcf7-f1759-o1\" \/><input type=\"hidden\" name=\"_wpcf7_container_post\" value=\"0\" \/><input type=\"hidden\" name=\"_wpcf7_posted_data_hash\" value=\"\" \/>\n<\/fieldset>\n<div class=\"row\">\n\t<div class=\"col-lg-6\">\n\t\t<div class=\"form-group\">\n\t\t\t<p><span class=\"wpcf7-form-control-wrap\" data-name=\"your-name\"><input size=\"40\" maxlength=\"400\" class=\"wpcf7-form-control wpcf7-text wpcf7-validates-as-required form-control\" id=\"name\" aria-required=\"true\" aria-invalid=\"false\" placeholder=\"Em\u00ebr *\" value=\"\" type=\"text\" name=\"your-name\" \/><\/span><br \/>\n<span class=\"alert-error\"><\/span>\n\t\t\t<\/p>\n\t\t<\/div>\n\t<\/div>\n\t<div class=\"col-lg-6\">\n\t\t<div class=\"form-group\">\n\t\t\t<p><span class=\"wpcf7-form-control-wrap\" data-name=\"email\"><input size=\"40\" maxlength=\"400\" class=\"wpcf7-form-control wpcf7-email wpcf7-validates-as-required wpcf7-text wpcf7-validates-as-email form-control\" id=\"email\" aria-required=\"true\" aria-invalid=\"false\" placeholder=\"Email *\" value=\"\" type=\"email\" name=\"email\" \/><\/span><br \/>\n<span class=\"alert-error\"><\/span>\n\t\t\t<\/p>\n\t\t<\/div>\n\t<\/div>\n<\/div>\n<div class=\"row\">\n\t<div class=\"col-lg-12\">\n\t\t<div class=\"form-group\">\n\t\t\t<p><span class=\"wpcf7-form-control-wrap\" data-name=\"phone\"><input size=\"40\" maxlength=\"400\" class=\"wpcf7-form-control wpcf7-tel wpcf7-validates-as-required wpcf7-text wpcf7-validates-as-tel form-control\" id=\"phone\" aria-required=\"true\" aria-invalid=\"false\" placeholder=\"Telefon *\" value=\"\" type=\"tel\" name=\"phone\" \/><\/span><br \/>\n<span class=\"alert-error\"><\/span>\n\t\t\t<\/p>\n\t\t<\/div>\n\t<\/div>\n<\/div>\n<div class=\"row\">\n\t<div class=\"col-lg-12\">\n\t\t<div class=\"form-group comments\">\n\t\t\t<p><span class=\"wpcf7-form-control-wrap\" data-name=\"comments\"><textarea cols=\"40\" rows=\"2\" maxlength=\"2000\" class=\"wpcf7-form-control wpcf7-textarea wpcf7-validates-as-required form-control\" id=\"comments\" aria-required=\"true\" aria-invalid=\"false\" placeholder=\"Si mund t\u2019ju ndihmojm\u00eb? *\" name=\"comments\"><\/textarea><\/span>\n\t\t\t<\/p>\n\t\t<\/div>\n\t<\/div>\n<\/div>\n<div class=\"row\">\n\t<div class=\"col-lg-12\">\n\t\t<p><button type=\"submit\" name=\"submit\" id=\"submit\">Merrni nj\u00eb konsult\u00eb falas <\/button>\n\t\t<\/p>\n\t<\/div>\n<\/div>\n<!-- Alert Message -->\n<div class=\"col-md-12 alert-notification\">\n\t<div id=\"message\" class=\"alert-msg\">\n\t<\/div>\n<\/div><div class=\"wpcf7-response-output\" aria-hidden=\"true\"><\/div>\n<\/form>\n<\/div>\n<\/div>\n                <\/div><div class=\"col-lg-6 info\">\n    <div class=\"contact-tabs\">\n        <ul id=\"tabs\" class=\"nav nav-tabs\">\n            <li class=\"nav-item\">\n                <a href=\"\" data-target=\"#tab1\" data-toggle=\"tab\" class=\"active nav-link\">\n                    Adresa\n                <\/a>\n            <\/li>\n            <li class=\"nav-item\">\n                <a href=\"\" data-target=\"#tab2\" data-toggle=\"tab\" class=\"nav-link\">\n                    Harta\n                <\/a>\n            <\/li>\n        <\/ul>\n        <div id=\"tabsContent\" class=\"tab-content\">\n            <div id=\"tab1\" class=\"tab-pane fade active show\">\n                <ul>\n                    <li>\n                        <div class=\"icon\">\n                            <i class=\"fas fa-map-marker-alt\"><\/i>\n                        <\/div>\n                        <div class=\"info\">\n                            <p>\n                                VENDNDODHJA\n                                <span>Rr. Mihal Grameno, shk 2 ap8, Njesia Bashkiake Nr.1, Tirane<\/span>\n                            <\/p>\n                        <\/div>\n                    <\/li>\n                    <li>\n                        <div class=\"icon\">\n                            <i class=\"fas fa-envelope-open\"><\/i>\n                        <\/div>\n                        <div class=\"info\">\n                            <p>\n                                NA SHKRUANI EMAIL\n                                <span>info@zerohmt.com<\/span>\n                            <\/p>\n                        <\/div>\n                    <\/li><li>\n                        <div class=\"icon\">\n                            <i class=\"fas fa-phone\"><\/i>\n                        <\/div>\n                        <div class=\"info\">\n                            <p>\n                                NA TELEFONONI\n                                <span>+355 69 303 3336<\/span>\n                            <\/p>\n                        <\/div>\n                    <\/li>\n                <\/ul>\n            <\/div>\n            <div id=\"tab2\" class=\"tab-pane fade\">\n                <iframe src=\"https:\/\/www.google.com\/maps\/embed?pb=!1m14!1m8!1m3!1d14253.647371854644!2d19.807395168105227!3d41.320604318192565!3m2!1i1024!2i768!4f13.1!3m3!1m2!1s0x0%3A0x1f15412b12bc4ee1!2sZero%20Hmt%20-%20Upgrading%20from%20Zero!5e0!3m2!1sen!2s!4v1643644521791!5m2!1sen!2s\"><\/iframe>\n            <\/div>\n        <\/div>\n    <\/div>\n<\/div><\/div>\n        <\/div>\n    <\/div>\n    <!-- End Contact Area -->[\/vc_column][\/vc_row]<\/p>\n","protected":false},"excerpt":{"rendered":"<p>[vc_row][vc_column][\/vc_column][\/vc_row]<\/p>\n","protected":false},"author":1,"featured_media":1658,"parent":0,"menu_order":0,"comment_status":"closed","ping_status":"closed","template":"page-templates\/pages.php","meta":{"footnotes":""},"class_list":["post-1657","page","type-page","status-publish","has-post-thumbnail","hentry"],"yoast_head":"<!-- This site is optimized with the Yoast SEO plugin v27.2 - https:\/\/yoast.com\/product\/yoast-seo-wordpress\/ -->\n<title>Kontakt | Zero HMT<\/title>\n<meta name=\"description\" content=\"Zero HMT \u00ebsht\u00eb nj\u00eb lider n\u00eb fush\u00ebn e hospitalitetit. Ne ju ndihmoj\u00eb t\u00eb ofroni sh\u00ebrbime me cil\u00ebsi t\u00eb lart\u00eb dhe t\u00eb rrisni t\u00eb ardhurat e reputacionin tuaj.\" \/>\n<meta name=\"robots\" content=\"index, follow, max-snippet:-1, max-image-preview:large, max-video-preview:-1\" \/>\n<link rel=\"canonical\" href=\"https:\/\/www.zerohmt.com\/sq\/kontakt\/\" \/>\n<meta property=\"og:locale\" content=\"sq_AL\" \/>\n<meta property=\"og:type\" content=\"article\" \/>\n<meta property=\"og:title\" content=\"Contact US | Zero HMT\" \/>\n<meta property=\"og:description\" content=\"Zero HMT is a leading hospitality management company that can help you deliver high quality service. Contact us today for more information on our programs.\" \/>\n<meta property=\"og:url\" content=\"https:\/\/www.zerohmt.com\/sq\/kontakt\/\" \/>\n<meta property=\"og:site_name\" content=\"Zero Hmt\" \/>\n<meta property=\"article:modified_time\" content=\"2022-03-04T11:24:15+00:00\" \/>\n<meta property=\"og:image\" content=\"https:\/\/www.zerohmt.com\/wp-content\/uploads\/2022\/01\/Contact-US-Zero-HMT.jpg\" \/>\n\t<meta property=\"og:image:width\" content=\"1920\" \/>\n\t<meta property=\"og:image:height\" content=\"941\" \/>\n\t<meta property=\"og:image:type\" content=\"image\/jpeg\" \/>\n<meta name=\"twitter:card\" content=\"summary_large_image\" \/>\n<meta name=\"twitter:title\" content=\"Contact US | Zero HMT\" \/>\n<meta name=\"twitter:description\" content=\"Zero HMT is a leading hospitality management company that can help you deliver high quality service. Contact us today for more information on our programs.\" \/>\n<meta name=\"twitter:label1\" content=\"Est. reading time\" \/>\n\t<meta name=\"twitter:data1\" content=\"1 minute\" \/>\n<script type=\"application\/ld+json\" class=\"yoast-schema-graph\">{\"@context\":\"https:\/\/schema.org\",\"@graph\":[{\"@type\":\"WebPage\",\"@id\":\"https:\/\/www.zerohmt.com\/sq\/kontakt\/\",\"url\":\"https:\/\/www.zerohmt.com\/sq\/kontakt\/\",\"name\":\"Kontakt | Zero HMT\",\"isPartOf\":{\"@id\":\"https:\/\/www.zerohmt.com\/#website\"},\"primaryImageOfPage\":{\"@id\":\"https:\/\/www.zerohmt.com\/sq\/kontakt\/#primaryimage\"},\"image\":{\"@id\":\"https:\/\/www.zerohmt.com\/sq\/kontakt\/#primaryimage\"},\"thumbnailUrl\":\"https:\/\/www.zerohmt.com\/wp-content\/uploads\/2022\/01\/Contact-US-Zero-HMT.jpg\",\"datePublished\":\"2021-01-23T14:21:34+00:00\",\"dateModified\":\"2022-03-04T11:24:15+00:00\",\"description\":\"Zero HMT \u00ebsht\u00eb nj\u00eb lider n\u00eb fush\u00ebn e hospitalitetit. Ne ju ndihmoj\u00eb t\u00eb ofroni sh\u00ebrbime me cil\u00ebsi t\u00eb lart\u00eb dhe t\u00eb rrisni t\u00eb ardhurat e reputacionin tuaj.\",\"breadcrumb\":{\"@id\":\"https:\/\/www.zerohmt.com\/sq\/kontakt\/#breadcrumb\"},\"inLanguage\":\"sq-AL\",\"potentialAction\":[{\"@type\":\"ReadAction\",\"target\":[\"https:\/\/www.zerohmt.com\/sq\/kontakt\/\"]}]},{\"@type\":\"ImageObject\",\"inLanguage\":\"sq-AL\",\"@id\":\"https:\/\/www.zerohmt.com\/sq\/kontakt\/#primaryimage\",\"url\":\"https:\/\/www.zerohmt.com\/wp-content\/uploads\/2022\/01\/Contact-US-Zero-HMT.jpg\",\"contentUrl\":\"https:\/\/www.zerohmt.com\/wp-content\/uploads\/2022\/01\/Contact-US-Zero-HMT.jpg\",\"width\":1920,\"height\":941},{\"@type\":\"BreadcrumbList\",\"@id\":\"https:\/\/www.zerohmt.com\/sq\/kontakt\/#breadcrumb\",\"itemListElement\":[{\"@type\":\"ListItem\",\"position\":1,\"name\":\"Home\",\"item\":\"https:\/\/www.zerohmt.com\/sq\/\"},{\"@type\":\"ListItem\",\"position\":2,\"name\":\"Kontakt\"}]},{\"@type\":\"WebSite\",\"@id\":\"https:\/\/www.zerohmt.com\/#website\",\"url\":\"https:\/\/www.zerohmt.com\/\",\"name\":\"Zero Hmt\",\"description\":\"My WordPress Blog\",\"potentialAction\":[{\"@type\":\"SearchAction\",\"target\":{\"@type\":\"EntryPoint\",\"urlTemplate\":\"https:\/\/www.zerohmt.com\/?s={search_term_string}\"},\"query-input\":{\"@type\":\"PropertyValueSpecification\",\"valueRequired\":true,\"valueName\":\"search_term_string\"}}],\"inLanguage\":\"sq-AL\"}]}<\/script>\n<!-- \/ Yoast SEO plugin. -->","yoast_head_json":{"title":"Kontakt | Zero HMT","description":"Zero HMT \u00ebsht\u00eb nj\u00eb lider n\u00eb fush\u00ebn e hospitalitetit. Ne ju ndihmoj\u00eb t\u00eb ofroni sh\u00ebrbime me cil\u00ebsi t\u00eb lart\u00eb dhe t\u00eb rrisni t\u00eb ardhurat e reputacionin tuaj.","robots":{"index":"index","follow":"follow","max-snippet":"max-snippet:-1","max-image-preview":"max-image-preview:large","max-video-preview":"max-video-preview:-1"},"canonical":"https:\/\/www.zerohmt.com\/sq\/kontakt\/","og_locale":"sq_AL","og_type":"article","og_title":"Contact US | Zero HMT","og_description":"Zero HMT is a leading hospitality management company that can help you deliver high quality service. Contact us today for more information on our programs.","og_url":"https:\/\/www.zerohmt.com\/sq\/kontakt\/","og_site_name":"Zero Hmt","article_modified_time":"2022-03-04T11:24:15+00:00","og_image":[{"width":1920,"height":941,"url":"https:\/\/www.zerohmt.com\/wp-content\/uploads\/2022\/01\/Contact-US-Zero-HMT.jpg","type":"image\/jpeg"}],"twitter_card":"summary_large_image","twitter_title":"Contact US | Zero HMT","twitter_description":"Zero HMT is a leading hospitality management company that can help you deliver high quality service. Contact us today for more information on our programs.","twitter_misc":{"Est. reading time":"1 minute"},"schema":{"@context":"https:\/\/schema.org","@graph":[{"@type":"WebPage","@id":"https:\/\/www.zerohmt.com\/sq\/kontakt\/","url":"https:\/\/www.zerohmt.com\/sq\/kontakt\/","name":"Kontakt | Zero HMT","isPartOf":{"@id":"https:\/\/www.zerohmt.com\/#website"},"primaryImageOfPage":{"@id":"https:\/\/www.zerohmt.com\/sq\/kontakt\/#primaryimage"},"image":{"@id":"https:\/\/www.zerohmt.com\/sq\/kontakt\/#primaryimage"},"thumbnailUrl":"https:\/\/www.zerohmt.com\/wp-content\/uploads\/2022\/01\/Contact-US-Zero-HMT.jpg","datePublished":"2021-01-23T14:21:34+00:00","dateModified":"2022-03-04T11:24:15+00:00","description":"Zero HMT \u00ebsht\u00eb nj\u00eb lider n\u00eb fush\u00ebn e hospitalitetit. Ne ju ndihmoj\u00eb t\u00eb ofroni sh\u00ebrbime me cil\u00ebsi t\u00eb lart\u00eb dhe t\u00eb rrisni t\u00eb ardhurat e reputacionin tuaj.","breadcrumb":{"@id":"https:\/\/www.zerohmt.com\/sq\/kontakt\/#breadcrumb"},"inLanguage":"sq-AL","potentialAction":[{"@type":"ReadAction","target":["https:\/\/www.zerohmt.com\/sq\/kontakt\/"]}]},{"@type":"ImageObject","inLanguage":"sq-AL","@id":"https:\/\/www.zerohmt.com\/sq\/kontakt\/#primaryimage","url":"https:\/\/www.zerohmt.com\/wp-content\/uploads\/2022\/01\/Contact-US-Zero-HMT.jpg","contentUrl":"https:\/\/www.zerohmt.com\/wp-content\/uploads\/2022\/01\/Contact-US-Zero-HMT.jpg","width":1920,"height":941},{"@type":"BreadcrumbList","@id":"https:\/\/www.zerohmt.com\/sq\/kontakt\/#breadcrumb","itemListElement":[{"@type":"ListItem","position":1,"name":"Home","item":"https:\/\/www.zerohmt.com\/sq\/"},{"@type":"ListItem","position":2,"name":"Kontakt"}]},{"@type":"WebSite","@id":"https:\/\/www.zerohmt.com\/#website","url":"https:\/\/www.zerohmt.com\/","name":"Zero Hmt","description":"My WordPress Blog","potentialAction":[{"@type":"SearchAction","target":{"@type":"EntryPoint","urlTemplate":"https:\/\/www.zerohmt.com\/?s={search_term_string}"},"query-input":{"@type":"PropertyValueSpecification","valueRequired":true,"valueName":"search_term_string"}}],"inLanguage":"sq-AL"}]}},"_links":{"self":[{"href":"https:\/\/www.zerohmt.com\/sq\/wp-json\/wp\/v2\/pages\/1657","targetHints":{"allow":["GET"]}}],"collection":[{"href":"https:\/\/www.zerohmt.com\/sq\/wp-json\/wp\/v2\/pages"}],"about":[{"href":"https:\/\/www.zerohmt.com\/sq\/wp-json\/wp\/v2\/types\/page"}],"author":[{"embeddable":true,"href":"https:\/\/www.zerohmt.com\/sq\/wp-json\/wp\/v2\/users\/1"}],"replies":[{"embeddable":true,"href":"https:\/\/www.zerohmt.com\/sq\/wp-json\/wp\/v2\/comments?post=1657"}],"version-history":[{"count":11,"href":"https:\/\/www.zerohmt.com\/sq\/wp-json\/wp\/v2\/pages\/1657\/revisions"}],"predecessor-version":[{"id":1848,"href":"https:\/\/www.zerohmt.com\/sq\/wp-json\/wp\/v2\/pages\/1657\/revisions\/1848"}],"wp:featuredmedia":[{"embeddable":true,"href":"https:\/\/www.zerohmt.com\/sq\/wp-json\/wp\/v2\/media\/1658"}],"wp:attachment":[{"href":"https:\/\/www.zerohmt.com\/sq\/wp-json\/wp\/v2\/media?parent=1657"}],"curies":[{"name":"wp","href":"https:\/\/api.w.org\/{rel}","templated":true}]}}