{"id":1645,"date":"2022-01-05T11:45:39","date_gmt":"2022-01-05T11:45:39","guid":{"rendered":"https:\/\/www.zerohmt.com\/catering-menu-cost-control-training-program\/"},"modified":"2022-02-28T17:41:00","modified_gmt":"2022-02-28T17:41:00","slug":"programe-trajnimi-ndertim-menu-dhe-kost-kontrolli","status":"publish","type":"page","link":"https:\/\/www.zerohmt.com\/sq\/programe-trajnimi-ndertim-menu-dhe-kost-kontrolli\/","title":{"rendered":"Programe trajnimi nd\u00ebrtim menu dhe kost kontrolli"},"content":{"rendered":"<p>[vc_row][vc_column]<!-- Start Services Details \n    ============================================= -->\n    <div class=\"services-details-area default-padding\">\n        <div class=\"container\">\n            <div class=\"row\">\n                <div class=\"col-lg-8 content\">\n                    <div class=\"thumb\">\n                        <img decoding=\"async\" src=\"https:\/\/www.zerohmt.com\/wp-content\/uploads\/2022\/01\/Fine-catering-and-menu-cost-control-training-program-Zerohmt.jpg\" alt=\"Thumb\">\n                    <\/div>[vc_custom_heading text=&#8221;Trajnimi i gjithansh\u00ebm p\u00ebr nd\u00ebrtimin e menus\u00eb dhe kost kontrolli&#8221; font_container=&#8221;tag:h1|font_size:35px|text_align:left|line_height:43px&#8221; use_theme_fonts=&#8221;yes&#8221; el_class=&#8221;single-serv-title&#8221;][vc_column_text css=&#8221;.vc_custom_1645550026829{margin-bottom: 25px !important;}&#8221;]Ushqimi \u00ebsht\u00eb nj\u00eb nga shtyllat kryesore t\u00eb fush\u00ebs s\u00eb hospitalitetit, dhe si ekspert\u00eb n\u00eb k\u00ebt\u00eb industri, ne kemi krijuar nj\u00eb program kateringu gjith\u00ebp\u00ebrfshir\u00ebs q\u00eb mund t&#8217;ju ndihmoj\u00eb t\u00eb tejkaloni pritshm\u00ebrit\u00eb dhe t\u00eb ofroni sh\u00ebrbime me cil\u00ebsi t\u00eb lart\u00eb tek klient\u00ebt tuaj.<\/p>\n<p>Programi yn\u00eb i trajnimit p\u00ebr katering p\u00ebrfshin konsulenc\u00eb me kuzhinier\u00ebt m\u00eb me p\u00ebrvoj\u00eb t\u00eb industris\u00eb, si dhe menaxhimin e menus\u00eb s\u00eb kateringut. P\u00ebrve\u00e7 k\u00ebsaj, ne ofrojm\u00eb trajnime p\u00ebr kontrollin e kostos q\u00eb do t&#8217;ju ndihmoj\u00eb t\u00eb gjeneroni m\u00eb shum\u00eb t\u00eb ardhura dhe ta mbani biznesin tuaj t\u00eb suksessh\u00ebm.<\/p>\n<p>Q\u00ebllimi kryesor i trajnimit ton\u00eb t\u00eb hospitalitetit \u00ebsht\u00eb krijimi i nj\u00eb sistemi efektive, q\u00eb ju lejon juve t\u00eb ofroni ushqim dhe sh\u00ebrbim me cil\u00ebsi sa m\u00eb t\u00eb lart\u00eb tek klient\u00ebt tuaj.[\/vc_column_text]<div class=\"row thumbs\">\n                        <div class=\"col-lg-6 col-md-6\">\n                            <img decoding=\"async\" src=\"https:\/\/www.zerohmt.com\/wp-content\/uploads\/2022\/01\/Fine-catering-and-menu-cost-control-training-program-Zero-Hmt.jpg\" alt=\"Thumb\">\n                        <\/div>\n                        <div class=\"col-lg-6 col-md-6\">\n                            <img decoding=\"async\" src=\"https:\/\/www.zerohmt.com\/wp-content\/uploads\/2022\/01\/Fine-catering-and-menu-cost-control-Zerohmt.jpg\" alt=\"Thumb\">\n                        <\/div>\n                    <\/div>\n                <\/div><div class=\"col-lg-4 sidebar\">\n                    <div class=\"sidebar-item link\">\n                        <ul>[vc_wp_custommenu nav_menu=&#8221;38&#8243; el_class=&#8221;single-serv-sidebar-menu&#8221;]<\/ul>\n                    <\/div> <div class=\"sidebar-item banner\">\n                        <div class=\"thumb\">\n                            <img decoding=\"async\" src=\"https:\/\/www.zerohmt.com\/wp-content\/uploads\/2022\/01\/Have-Additional-Questions-zerohmt.jpg\" alt=\"Thumb\">\n                            <div class=\"content\">\n                                <h5>Keni pyetje t\u00eb m\u00ebtejshme?<\/h5>\n                                <h3><i class=\"fas fa-phone\"><\/i> +355 69 303 3336<\/h3>\n                            <\/div>\n                        <\/div>\n                    <\/div><\/div>\n            <\/div>\n        <\/div>\n    <\/div>\n    <!-- End Services Details -->[\/vc_column][\/vc_row][vc_row parallax=&#8221;content-moving&#8221; parallax_image=&#8221;1387&#8243; parallax_speed_bg=&#8221;2&#8243; css=&#8221;.vc_custom_1643198574382{padding-top: 90px !important;padding-bottom: 90px !important;}&#8221;][vc_column][vc_row_inner equal_height=&#8221;yes&#8221; content_placement=&#8221;middle&#8221; el_class=&#8221;container cta-cus&#8221;][vc_column_inner width=&#8221;2\/3&#8243;][vc_custom_heading text=&#8221;Suport p\u00ebr klient\u00ebt 24\/7&#8243; font_container=&#8221;tag:p|font_size:30px|text_align:left|color:%23ffffff|line_height:35px&#8221; use_theme_fonts=&#8221;yes&#8221;][vc_column_text]<span style=\"color: #ffffff;\">P\u00ebr pyetje ose m\u00eb shum\u00eb informacion mbi programet tona t\u00eb trajnimit, ju lutemi lidhuni me ekipin ton\u00eb t\u00eb suportit t\u00eb klientit n\u00eb \u00e7do koh\u00eb. Ne jemi gjithmon\u00eb n\u00eb dispozicion p\u00ebr t\u00eb folur. <\/span>[\/vc_column_text][\/vc_column_inner][vc_column_inner width=&#8221;1\/3&#8243;][vc_btn title=&#8221;Na kontaktoni tani!&#8221; style=&#8221;custom&#8221; custom_background=&#8221;#ffffff&#8221; custom_text=&#8221;#222222&#8243; shape=&#8221;round&#8221; align=&#8221;center&#8221; link=&#8221;url:tel%3A%2B355693033336&#8243; el_class=&#8221;cta-btn&#8221;][\/vc_column_inner][\/vc_row_inner][\/vc_column][\/vc_row]<\/p>\n","protected":false},"excerpt":{"rendered":"<p>[vc_row][vc_column][vc_custom_heading text=&#8221;Trajnimi i gjithansh\u00ebm p\u00ebr nd\u00ebrtimin e menus\u00eb dhe kost kontrolli&#8221; font_container=&#8221;tag:h1|font_size:35px|text_align:left|line_height:43px&#8221; use_theme_fonts=&#8221;yes&#8221; el_class=&#8221;single-serv-title&#8221;][vc_column_text css=&#8221;.vc_custom_1645550026829{margin-bottom: 25px !important;}&#8221;]Ushqimi \u00ebsht\u00eb nj\u00eb nga shtyllat kryesore t\u00eb fush\u00ebs s\u00eb hospitalitetit, dhe si ekspert\u00eb n\u00eb k\u00ebt\u00eb industri, ne kemi krijuar nj\u00eb program kateringu gjith\u00ebp\u00ebrfshir\u00ebs q\u00eb mund t&#8217;ju ndihmoj\u00eb t\u00eb tejkaloni pritshm\u00ebrit\u00eb dhe t\u00eb ofroni sh\u00ebrbime me cil\u00ebsi t\u00eb lart\u00eb tek [&hellip;]<\/p>\n","protected":false},"author":1,"featured_media":1646,"parent":0,"menu_order":0,"comment_status":"closed","ping_status":"closed","template":"page-templates\/pages.php","meta":{"footnotes":""},"class_list":["post-1645","page","type-page","status-publish","has-post-thumbnail","hentry"],"yoast_head":"<!-- This site is optimized with the Yoast SEO plugin v27.2 - https:\/\/yoast.com\/product\/yoast-seo-wordpress\/ -->\n<title>Programe Trajnimi p\u00ebr Nd\u00ebrtimin e Menus\u00eb dhe Kost Kontrolli | Zero HMT<\/title>\n<meta name=\"description\" content=\"Si lider n\u00eb industrin\u00eb e sh\u00ebrbimeve ushqimore, Zero HMT ofron nj\u00eb program trajnimi p\u00ebr katering p\u00ebr k\u00ebdo q\u00eb d\u00ebshiron t\u00eb l\u00ebr\u00eb mbresa n\u00eb fush\u00ebn e hospitalitetit.\" \/>\n<meta name=\"robots\" content=\"index, follow, max-snippet:-1, max-image-preview:large, max-video-preview:-1\" \/>\n<link rel=\"canonical\" href=\"https:\/\/www.zerohmt.com\/sq\/programe-trajnimi-ndertim-menu-dhe-kost-kontrolli\/\" \/>\n<meta property=\"og:locale\" content=\"sq_AL\" \/>\n<meta property=\"og:type\" content=\"article\" \/>\n<meta property=\"og:title\" content=\"Catering &amp; Menu Cost Control Training Program | Zero HMT\" \/>\n<meta property=\"og:description\" content=\"As a leader in the food service industry, Zero HMT offers a catering training program for anyone that wants to make a difference in the world of hospitality.\" \/>\n<meta property=\"og:url\" content=\"https:\/\/www.zerohmt.com\/sq\/programe-trajnimi-ndertim-menu-dhe-kost-kontrolli\/\" \/>\n<meta property=\"og:site_name\" content=\"Zero Hmt\" \/>\n<meta property=\"article:modified_time\" content=\"2022-02-28T17:41:00+00:00\" \/>\n<meta property=\"og:image\" content=\"https:\/\/www.zerohmt.com\/wp-content\/uploads\/2022\/01\/Catering-Menu-Cost-Control-Zerohmt.jpg\" \/>\n\t<meta property=\"og:image:width\" content=\"1920\" \/>\n\t<meta property=\"og:image:height\" content=\"715\" \/>\n\t<meta property=\"og:image:type\" content=\"image\/jpeg\" \/>\n<meta name=\"twitter:card\" content=\"summary_large_image\" \/>\n<meta name=\"twitter:title\" content=\"Catering &amp; Menu Cost Control Training Program | Zero HMT\" \/>\n<meta name=\"twitter:description\" content=\"As a leader in the food service industry, Zero HMT offers a catering training program for anyone that wants to make a difference in the world of hospitality.\" \/>\n<meta name=\"twitter:label1\" content=\"Est. reading time\" \/>\n\t<meta name=\"twitter:data1\" content=\"1 minute\" \/>\n<script type=\"application\/ld+json\" class=\"yoast-schema-graph\">{\"@context\":\"https:\/\/schema.org\",\"@graph\":[{\"@type\":\"WebPage\",\"@id\":\"https:\/\/www.zerohmt.com\/sq\/programe-trajnimi-ndertim-menu-dhe-kost-kontrolli\/\",\"url\":\"https:\/\/www.zerohmt.com\/sq\/programe-trajnimi-ndertim-menu-dhe-kost-kontrolli\/\",\"name\":\"Programe Trajnimi p\u00ebr Nd\u00ebrtimin e Menus\u00eb dhe Kost Kontrolli | Zero HMT\",\"isPartOf\":{\"@id\":\"https:\/\/www.zerohmt.com\/#website\"},\"primaryImageOfPage\":{\"@id\":\"https:\/\/www.zerohmt.com\/sq\/programe-trajnimi-ndertim-menu-dhe-kost-kontrolli\/#primaryimage\"},\"image\":{\"@id\":\"https:\/\/www.zerohmt.com\/sq\/programe-trajnimi-ndertim-menu-dhe-kost-kontrolli\/#primaryimage\"},\"thumbnailUrl\":\"https:\/\/www.zerohmt.com\/wp-content\/uploads\/2022\/01\/Catering-Menu-Cost-Control-Zerohmt.jpg\",\"datePublished\":\"2022-01-05T11:45:39+00:00\",\"dateModified\":\"2022-02-28T17:41:00+00:00\",\"description\":\"Si lider n\u00eb industrin\u00eb e sh\u00ebrbimeve ushqimore, Zero HMT ofron nj\u00eb program trajnimi p\u00ebr katering p\u00ebr k\u00ebdo q\u00eb d\u00ebshiron t\u00eb l\u00ebr\u00eb mbresa n\u00eb fush\u00ebn e hospitalitetit.\",\"breadcrumb\":{\"@id\":\"https:\/\/www.zerohmt.com\/sq\/programe-trajnimi-ndertim-menu-dhe-kost-kontrolli\/#breadcrumb\"},\"inLanguage\":\"sq-AL\",\"potentialAction\":[{\"@type\":\"ReadAction\",\"target\":[\"https:\/\/www.zerohmt.com\/sq\/programe-trajnimi-ndertim-menu-dhe-kost-kontrolli\/\"]}]},{\"@type\":\"ImageObject\",\"inLanguage\":\"sq-AL\",\"@id\":\"https:\/\/www.zerohmt.com\/sq\/programe-trajnimi-ndertim-menu-dhe-kost-kontrolli\/#primaryimage\",\"url\":\"https:\/\/www.zerohmt.com\/wp-content\/uploads\/2022\/01\/Catering-Menu-Cost-Control-Zerohmt.jpg\",\"contentUrl\":\"https:\/\/www.zerohmt.com\/wp-content\/uploads\/2022\/01\/Catering-Menu-Cost-Control-Zerohmt.jpg\",\"width\":1920,\"height\":715},{\"@type\":\"BreadcrumbList\",\"@id\":\"https:\/\/www.zerohmt.com\/sq\/programe-trajnimi-ndertim-menu-dhe-kost-kontrolli\/#breadcrumb\",\"itemListElement\":[{\"@type\":\"ListItem\",\"position\":1,\"name\":\"Home\",\"item\":\"https:\/\/www.zerohmt.com\/sq\/\"},{\"@type\":\"ListItem\",\"position\":2,\"name\":\"Programe trajnimi nd\u00ebrtim menu dhe kost kontrolli\"}]},{\"@type\":\"WebSite\",\"@id\":\"https:\/\/www.zerohmt.com\/#website\",\"url\":\"https:\/\/www.zerohmt.com\/\",\"name\":\"Zero Hmt\",\"description\":\"My WordPress Blog\",\"potentialAction\":[{\"@type\":\"SearchAction\",\"target\":{\"@type\":\"EntryPoint\",\"urlTemplate\":\"https:\/\/www.zerohmt.com\/?s={search_term_string}\"},\"query-input\":{\"@type\":\"PropertyValueSpecification\",\"valueRequired\":true,\"valueName\":\"search_term_string\"}}],\"inLanguage\":\"sq-AL\"}]}<\/script>\n<!-- \/ Yoast SEO plugin. -->","yoast_head_json":{"title":"Programe Trajnimi p\u00ebr Nd\u00ebrtimin e Menus\u00eb dhe Kost Kontrolli | Zero HMT","description":"Si lider n\u00eb industrin\u00eb e sh\u00ebrbimeve ushqimore, Zero HMT ofron nj\u00eb program trajnimi p\u00ebr katering p\u00ebr k\u00ebdo q\u00eb d\u00ebshiron t\u00eb l\u00ebr\u00eb mbresa n\u00eb fush\u00ebn e hospitalitetit.","robots":{"index":"index","follow":"follow","max-snippet":"max-snippet:-1","max-image-preview":"max-image-preview:large","max-video-preview":"max-video-preview:-1"},"canonical":"https:\/\/www.zerohmt.com\/sq\/programe-trajnimi-ndertim-menu-dhe-kost-kontrolli\/","og_locale":"sq_AL","og_type":"article","og_title":"Catering & Menu Cost Control Training Program | Zero HMT","og_description":"As a leader in the food service industry, Zero HMT offers a catering training program for anyone that wants to make a difference in the world of hospitality.","og_url":"https:\/\/www.zerohmt.com\/sq\/programe-trajnimi-ndertim-menu-dhe-kost-kontrolli\/","og_site_name":"Zero Hmt","article_modified_time":"2022-02-28T17:41:00+00:00","og_image":[{"width":1920,"height":715,"url":"https:\/\/www.zerohmt.com\/wp-content\/uploads\/2022\/01\/Catering-Menu-Cost-Control-Zerohmt.jpg","type":"image\/jpeg"}],"twitter_card":"summary_large_image","twitter_title":"Catering & Menu Cost Control Training Program | Zero HMT","twitter_description":"As a leader in the food service industry, Zero HMT offers a catering training program for anyone that wants to make a difference in the world of hospitality.","twitter_misc":{"Est. reading time":"1 minute"},"schema":{"@context":"https:\/\/schema.org","@graph":[{"@type":"WebPage","@id":"https:\/\/www.zerohmt.com\/sq\/programe-trajnimi-ndertim-menu-dhe-kost-kontrolli\/","url":"https:\/\/www.zerohmt.com\/sq\/programe-trajnimi-ndertim-menu-dhe-kost-kontrolli\/","name":"Programe Trajnimi p\u00ebr Nd\u00ebrtimin e Menus\u00eb dhe Kost Kontrolli | Zero HMT","isPartOf":{"@id":"https:\/\/www.zerohmt.com\/#website"},"primaryImageOfPage":{"@id":"https:\/\/www.zerohmt.com\/sq\/programe-trajnimi-ndertim-menu-dhe-kost-kontrolli\/#primaryimage"},"image":{"@id":"https:\/\/www.zerohmt.com\/sq\/programe-trajnimi-ndertim-menu-dhe-kost-kontrolli\/#primaryimage"},"thumbnailUrl":"https:\/\/www.zerohmt.com\/wp-content\/uploads\/2022\/01\/Catering-Menu-Cost-Control-Zerohmt.jpg","datePublished":"2022-01-05T11:45:39+00:00","dateModified":"2022-02-28T17:41:00+00:00","description":"Si lider n\u00eb industrin\u00eb e sh\u00ebrbimeve ushqimore, Zero HMT ofron nj\u00eb program trajnimi p\u00ebr katering p\u00ebr k\u00ebdo q\u00eb d\u00ebshiron t\u00eb l\u00ebr\u00eb mbresa n\u00eb fush\u00ebn e hospitalitetit.","breadcrumb":{"@id":"https:\/\/www.zerohmt.com\/sq\/programe-trajnimi-ndertim-menu-dhe-kost-kontrolli\/#breadcrumb"},"inLanguage":"sq-AL","potentialAction":[{"@type":"ReadAction","target":["https:\/\/www.zerohmt.com\/sq\/programe-trajnimi-ndertim-menu-dhe-kost-kontrolli\/"]}]},{"@type":"ImageObject","inLanguage":"sq-AL","@id":"https:\/\/www.zerohmt.com\/sq\/programe-trajnimi-ndertim-menu-dhe-kost-kontrolli\/#primaryimage","url":"https:\/\/www.zerohmt.com\/wp-content\/uploads\/2022\/01\/Catering-Menu-Cost-Control-Zerohmt.jpg","contentUrl":"https:\/\/www.zerohmt.com\/wp-content\/uploads\/2022\/01\/Catering-Menu-Cost-Control-Zerohmt.jpg","width":1920,"height":715},{"@type":"BreadcrumbList","@id":"https:\/\/www.zerohmt.com\/sq\/programe-trajnimi-ndertim-menu-dhe-kost-kontrolli\/#breadcrumb","itemListElement":[{"@type":"ListItem","position":1,"name":"Home","item":"https:\/\/www.zerohmt.com\/sq\/"},{"@type":"ListItem","position":2,"name":"Programe trajnimi nd\u00ebrtim menu dhe kost kontrolli"}]},{"@type":"WebSite","@id":"https:\/\/www.zerohmt.com\/#website","url":"https:\/\/www.zerohmt.com\/","name":"Zero Hmt","description":"My WordPress Blog","potentialAction":[{"@type":"SearchAction","target":{"@type":"EntryPoint","urlTemplate":"https:\/\/www.zerohmt.com\/?s={search_term_string}"},"query-input":{"@type":"PropertyValueSpecification","valueRequired":true,"valueName":"search_term_string"}}],"inLanguage":"sq-AL"}]}},"_links":{"self":[{"href":"https:\/\/www.zerohmt.com\/sq\/wp-json\/wp\/v2\/pages\/1645","targetHints":{"allow":["GET"]}}],"collection":[{"href":"https:\/\/www.zerohmt.com\/sq\/wp-json\/wp\/v2\/pages"}],"about":[{"href":"https:\/\/www.zerohmt.com\/sq\/wp-json\/wp\/v2\/types\/page"}],"author":[{"embeddable":true,"href":"https:\/\/www.zerohmt.com\/sq\/wp-json\/wp\/v2\/users\/1"}],"replies":[{"embeddable":true,"href":"https:\/\/www.zerohmt.com\/sq\/wp-json\/wp\/v2\/comments?post=1645"}],"version-history":[{"count":9,"href":"https:\/\/www.zerohmt.com\/sq\/wp-json\/wp\/v2\/pages\/1645\/revisions"}],"predecessor-version":[{"id":1783,"href":"https:\/\/www.zerohmt.com\/sq\/wp-json\/wp\/v2\/pages\/1645\/revisions\/1783"}],"wp:featuredmedia":[{"embeddable":true,"href":"https:\/\/www.zerohmt.com\/sq\/wp-json\/wp\/v2\/media\/1646"}],"wp:attachment":[{"href":"https:\/\/www.zerohmt.com\/sq\/wp-json\/wp\/v2\/media?parent=1645"}],"curies":[{"name":"wp","href":"https:\/\/api.w.org\/{rel}","templated":true}]}}