{"id":1639,"date":"2022-01-05T11:45:01","date_gmt":"2022-01-05T11:45:01","guid":{"rendered":"https:\/\/www.zerohmt.com\/franchise-standards-implementation-management-training-program\/"},"modified":"2022-02-28T17:41:15","modified_gmt":"2022-02-28T17:41:15","slug":"implementimi-i-standarteve-franchise-programe-trajnimi-dhe-menaxhimi","status":"publish","type":"page","link":"https:\/\/www.zerohmt.com\/sq\/implementimi-i-standarteve-franchise-programe-trajnimi-dhe-menaxhimi\/","title":{"rendered":"Implementimi i standarteve franchise programe trajnimi dhe menaxhimi"},"content":{"rendered":"<p>[vc_row][vc_column]<!-- Start Services Details \n    ============================================= -->\n    <div class=\"services-details-area default-padding\">\n        <div class=\"container\">\n            <div class=\"row\">\n                <div class=\"col-lg-8 content\">\n                    <div class=\"thumb\">\n                        <img decoding=\"async\" src=\"https:\/\/www.zerohmt.com\/wp-content\/uploads\/2022\/01\/The-best-franchise-training-programs-in-the-industry-Zerohmt.jpg\" alt=\"Thumb\">\n                    <\/div>[vc_custom_heading text=&#8221;Programet m\u00eb t\u00eb mira t\u00eb trajnimit p\u00ebr \u2018Franchise\u2019 n\u00eb fush\u00ebn e hospitalitetit&#8221; font_container=&#8221;tag:h1|font_size:35px|text_align:left|line_height:43px&#8221; use_theme_fonts=&#8221;yes&#8221; el_class=&#8221;single-serv-title&#8221;][vc_column_text css=&#8221;.vc_custom_1645550414686{margin-bottom: 25px !important;}&#8221;]N\u00eb Zero HMT ne kemi hartuar nj\u00eb program trajnimi shum\u00eb t\u00eb plot\u00eb p\u00ebr \u2018Franchise\u2019 q\u00eb synon t\u2019ju nidhmoj\u00eb t\u00eb implementoni rregullat dhe standardet nd\u00ebrkomb\u00ebtare n\u00eb komanin\u00eb tuaj, n\u00eb m\u00ebnyr\u00eb q\u00eb t\u00eb ofroni cil\u00ebsin\u00eb m\u00eb t\u00eb lart\u00eb t\u00eb mundshme t\u00eb sh\u00ebrbimit.<\/p>\n<p>Strategjia jon\u00eb e menaxhimit t\u00eb standarteve \u2018Franchise\u2019 \u00ebsht\u00eb p\u00ebrgatitur nga nj\u00eb staf me p\u00ebrvoj\u00eb, i dedikuar p\u00ebr t\u00eb krijuar nj\u00eb program q\u00eb \u00ebsht\u00eb gjithmon\u00eb i p\u00ebrdit\u00ebsuar. Ai bazohet n\u00eb strategjin\u00eb e tregut, standardet nd\u00ebrkomb\u00ebtare t\u00eb \u2018Franchise\u2019, identifikimin e KPI, identifikimin e biznesit HACCP dhe sigurisht rekrutimin dhe trajnimin sipas standarteve SOP.<\/p>\n<p>Q\u00ebllimi i trajnimit ton\u00eb p\u00ebr \u2018Franchise\u2019 \u00ebsht\u00eb t\u00eb mund\u00ebsoj\u00eb t\u00eb gjitha bizneset, t\u00eb m\u00ebdha apo t\u00eb vogla, t\u00eb p\u00ebrmbushin kriteret e pritura nga nj\u00eb \u2018Franchise\u2019 dhe t\u00eb shk\u00eblqejn\u00eb n\u00eb fush\u00ebn e hospitalitetit.[\/vc_column_text]<div class=\"row thumbs\">\n                        <div class=\"col-lg-6 col-md-6\">\n                            <img decoding=\"async\" src=\"https:\/\/www.zerohmt.com\/wp-content\/uploads\/2022\/01\/The-best-franchise-training-programs-Zerohmt.jpg\" alt=\"Thumb\">\n                        <\/div>\n                        <div class=\"col-lg-6 col-md-6\">\n                            <img decoding=\"async\" src=\"https:\/\/www.zerohmt.com\/wp-content\/uploads\/2022\/01\/best-franchise-training-programs-in-the-industry-Zerohmt.jpg\" alt=\"Thumb\">\n                        <\/div>\n                    <\/div>\n                <\/div><div class=\"col-lg-4 sidebar\">\n                    <div class=\"sidebar-item link\">\n                        <ul>[vc_wp_custommenu nav_menu=&#8221;38&#8243; el_class=&#8221;single-serv-sidebar-menu&#8221;]<\/ul>\n                    <\/div> <div class=\"sidebar-item banner\">\n                        <div class=\"thumb\">\n                            <img decoding=\"async\" src=\"https:\/\/www.zerohmt.com\/wp-content\/uploads\/2022\/01\/Have-Additional-Questions-zerohmt.jpg\" alt=\"Thumb\">\n                            <div class=\"content\">\n                                <h5>Keni pyetje t\u00eb m\u00ebtejshme?<\/h5>\n                                <h3><i class=\"fas fa-phone\"><\/i> +355 69 303 3336<\/h3>\n                            <\/div>\n                        <\/div>\n                    <\/div><\/div>\n            <\/div>\n        <\/div>\n    <\/div>\n    <!-- End Services Details -->[\/vc_column][\/vc_row][vc_row parallax=&#8221;content-moving&#8221; parallax_image=&#8221;1387&#8243; parallax_speed_bg=&#8221;2&#8243; css=&#8221;.vc_custom_1643198566024{padding-top: 90px !important;padding-bottom: 90px !important;}&#8221;][vc_column][vc_row_inner equal_height=&#8221;yes&#8221; content_placement=&#8221;middle&#8221; el_class=&#8221;container cta-cus&#8221;][vc_column_inner width=&#8221;2\/3&#8243;][vc_custom_heading text=&#8221;Suport p\u00ebr klient\u00ebt 24\/7&#8243; font_container=&#8221;tag:p|font_size:30px|text_align:left|color:%23ffffff|line_height:35px&#8221; use_theme_fonts=&#8221;yes&#8221;][vc_column_text]<span style=\"color: #ffffff;\">P\u00ebr pyetje ose m\u00eb shum\u00eb informacion mbi programet tona t\u00eb trajnimit, ju lutemi lidhuni me ekipin ton\u00eb t\u00eb suportit t\u00eb klientit n\u00eb \u00e7do koh\u00eb. Ne jemi gjithmon\u00eb n\u00eb dispozicion p\u00ebr t\u00eb folur. <\/span>[\/vc_column_text][\/vc_column_inner][vc_column_inner width=&#8221;1\/3&#8243;][vc_btn title=&#8221;Na kontaktoni tani!&#8221; style=&#8221;custom&#8221; custom_background=&#8221;#ffffff&#8221; custom_text=&#8221;#222222&#8243; shape=&#8221;round&#8221; align=&#8221;center&#8221; link=&#8221;url:tel%3A%2B355693033336&#8243; el_class=&#8221;cta-btn&#8221;][\/vc_column_inner][\/vc_row_inner][\/vc_column][\/vc_row]<\/p>\n","protected":false},"excerpt":{"rendered":"<p>[vc_row][vc_column][vc_custom_heading text=&#8221;Programet m\u00eb t\u00eb mira t\u00eb trajnimit p\u00ebr \u2018Franchise\u2019 n\u00eb fush\u00ebn e hospitalitetit&#8221; font_container=&#8221;tag:h1|font_size:35px|text_align:left|line_height:43px&#8221; use_theme_fonts=&#8221;yes&#8221; el_class=&#8221;single-serv-title&#8221;][vc_column_text css=&#8221;.vc_custom_1645550414686{margin-bottom: 25px !important;}&#8221;]N\u00eb Zero HMT ne kemi hartuar nj\u00eb program trajnimi shum\u00eb t\u00eb plot\u00eb p\u00ebr \u2018Franchise\u2019 q\u00eb synon t\u2019ju nidhmoj\u00eb t\u00eb implementoni rregullat dhe standardet nd\u00ebrkomb\u00ebtare n\u00eb komanin\u00eb tuaj, n\u00eb m\u00ebnyr\u00eb q\u00eb t\u00eb ofroni cil\u00ebsin\u00eb m\u00eb t\u00eb lart\u00eb t\u00eb [&hellip;]<\/p>\n","protected":false},"author":1,"featured_media":1640,"parent":0,"menu_order":0,"comment_status":"closed","ping_status":"closed","template":"page-templates\/pages.php","meta":{"footnotes":""},"class_list":["post-1639","page","type-page","status-publish","has-post-thumbnail","hentry"],"yoast_head":"<!-- This site is optimized with the Yoast SEO plugin v27.2 - https:\/\/yoast.com\/product\/yoast-seo-wordpress\/ -->\n<title>Implementimi i Standarteve \u2018Franchise\u2019 | Programe Trajnimi dhe Menaxhimi | Zero HMT<\/title>\n<meta name=\"description\" content=\"Zero HMT \u00ebsht\u00eb nj\u00eb lider n\u00eb fush\u00ebn e hospitalitetit. Ne ofrojm\u00eb programet m\u00eb t\u00eb mira t\u00eb trajnimit p\u00ebr t&#039;ju ndihmuar t\u00eb arrini standardet e menaxhimit q\u00eb synoni.\" \/>\n<meta name=\"robots\" content=\"index, follow, max-snippet:-1, max-image-preview:large, max-video-preview:-1\" \/>\n<link rel=\"canonical\" href=\"https:\/\/www.zerohmt.com\/sq\/implementimi-i-standarteve-franchise-programe-trajnimi-dhe-menaxhimi\/\" \/>\n<meta property=\"og:locale\" content=\"sq_AL\" \/>\n<meta property=\"og:type\" content=\"article\" \/>\n<meta property=\"og:title\" content=\"Franchise Standards Implementation | Management &amp; Training Program | Zero HMT\" \/>\n<meta property=\"og:description\" content=\"Zero HMT is a leader in the hospitality industry. We offer the best franchise training programs to help you achieve the management standards you aim towards.\" \/>\n<meta property=\"og:url\" content=\"https:\/\/www.zerohmt.com\/sq\/implementimi-i-standarteve-franchise-programe-trajnimi-dhe-menaxhimi\/\" \/>\n<meta property=\"og:site_name\" content=\"Zero Hmt\" \/>\n<meta property=\"article:modified_time\" content=\"2022-02-28T17:41:15+00:00\" \/>\n<meta property=\"og:image\" content=\"https:\/\/www.zerohmt.com\/wp-content\/uploads\/2022\/01\/Franchise-Standards-Implementation-Zerohmt.jpg\" \/>\n\t<meta property=\"og:image:width\" content=\"1920\" \/>\n\t<meta property=\"og:image:height\" content=\"781\" \/>\n\t<meta property=\"og:image:type\" content=\"image\/jpeg\" \/>\n<meta name=\"twitter:card\" content=\"summary_large_image\" \/>\n<meta name=\"twitter:title\" content=\"Franchise Standards Implementation | Management &amp; Training Program | Zero HMT\" \/>\n<meta name=\"twitter:description\" content=\"Zero HMT is a leader in the hospitality industry. We offer the best franchise training programs to help you achieve the management standards you aim towards.\" \/>\n<meta name=\"twitter:label1\" content=\"Est. reading time\" \/>\n\t<meta name=\"twitter:data1\" content=\"1 minute\" \/>\n<script type=\"application\/ld+json\" class=\"yoast-schema-graph\">{\"@context\":\"https:\/\/schema.org\",\"@graph\":[{\"@type\":\"WebPage\",\"@id\":\"https:\/\/www.zerohmt.com\/sq\/implementimi-i-standarteve-franchise-programe-trajnimi-dhe-menaxhimi\/\",\"url\":\"https:\/\/www.zerohmt.com\/sq\/implementimi-i-standarteve-franchise-programe-trajnimi-dhe-menaxhimi\/\",\"name\":\"Implementimi i Standarteve \u2018Franchise\u2019 | Programe Trajnimi dhe Menaxhimi | Zero HMT\",\"isPartOf\":{\"@id\":\"https:\/\/www.zerohmt.com\/#website\"},\"primaryImageOfPage\":{\"@id\":\"https:\/\/www.zerohmt.com\/sq\/implementimi-i-standarteve-franchise-programe-trajnimi-dhe-menaxhimi\/#primaryimage\"},\"image\":{\"@id\":\"https:\/\/www.zerohmt.com\/sq\/implementimi-i-standarteve-franchise-programe-trajnimi-dhe-menaxhimi\/#primaryimage\"},\"thumbnailUrl\":\"https:\/\/www.zerohmt.com\/wp-content\/uploads\/2022\/01\/Franchise-Standards-Implementation-Zerohmt.jpg\",\"datePublished\":\"2022-01-05T11:45:01+00:00\",\"dateModified\":\"2022-02-28T17:41:15+00:00\",\"description\":\"Zero HMT \u00ebsht\u00eb nj\u00eb lider n\u00eb fush\u00ebn e hospitalitetit. Ne ofrojm\u00eb programet m\u00eb t\u00eb mira t\u00eb trajnimit p\u00ebr t'ju ndihmuar t\u00eb arrini standardet e menaxhimit q\u00eb synoni.\",\"breadcrumb\":{\"@id\":\"https:\/\/www.zerohmt.com\/sq\/implementimi-i-standarteve-franchise-programe-trajnimi-dhe-menaxhimi\/#breadcrumb\"},\"inLanguage\":\"sq-AL\",\"potentialAction\":[{\"@type\":\"ReadAction\",\"target\":[\"https:\/\/www.zerohmt.com\/sq\/implementimi-i-standarteve-franchise-programe-trajnimi-dhe-menaxhimi\/\"]}]},{\"@type\":\"ImageObject\",\"inLanguage\":\"sq-AL\",\"@id\":\"https:\/\/www.zerohmt.com\/sq\/implementimi-i-standarteve-franchise-programe-trajnimi-dhe-menaxhimi\/#primaryimage\",\"url\":\"https:\/\/www.zerohmt.com\/wp-content\/uploads\/2022\/01\/Franchise-Standards-Implementation-Zerohmt.jpg\",\"contentUrl\":\"https:\/\/www.zerohmt.com\/wp-content\/uploads\/2022\/01\/Franchise-Standards-Implementation-Zerohmt.jpg\",\"width\":1920,\"height\":781},{\"@type\":\"BreadcrumbList\",\"@id\":\"https:\/\/www.zerohmt.com\/sq\/implementimi-i-standarteve-franchise-programe-trajnimi-dhe-menaxhimi\/#breadcrumb\",\"itemListElement\":[{\"@type\":\"ListItem\",\"position\":1,\"name\":\"Home\",\"item\":\"https:\/\/www.zerohmt.com\/sq\/\"},{\"@type\":\"ListItem\",\"position\":2,\"name\":\"Implementimi i standarteve franchise programe trajnimi dhe menaxhimi\"}]},{\"@type\":\"WebSite\",\"@id\":\"https:\/\/www.zerohmt.com\/#website\",\"url\":\"https:\/\/www.zerohmt.com\/\",\"name\":\"Zero Hmt\",\"description\":\"My WordPress Blog\",\"potentialAction\":[{\"@type\":\"SearchAction\",\"target\":{\"@type\":\"EntryPoint\",\"urlTemplate\":\"https:\/\/www.zerohmt.com\/?s={search_term_string}\"},\"query-input\":{\"@type\":\"PropertyValueSpecification\",\"valueRequired\":true,\"valueName\":\"search_term_string\"}}],\"inLanguage\":\"sq-AL\"}]}<\/script>\n<!-- \/ Yoast SEO plugin. -->","yoast_head_json":{"title":"Implementimi i Standarteve \u2018Franchise\u2019 | Programe Trajnimi dhe Menaxhimi | Zero HMT","description":"Zero HMT \u00ebsht\u00eb nj\u00eb lider n\u00eb fush\u00ebn e hospitalitetit. Ne ofrojm\u00eb programet m\u00eb t\u00eb mira t\u00eb trajnimit p\u00ebr t'ju ndihmuar t\u00eb arrini standardet e menaxhimit q\u00eb synoni.","robots":{"index":"index","follow":"follow","max-snippet":"max-snippet:-1","max-image-preview":"max-image-preview:large","max-video-preview":"max-video-preview:-1"},"canonical":"https:\/\/www.zerohmt.com\/sq\/implementimi-i-standarteve-franchise-programe-trajnimi-dhe-menaxhimi\/","og_locale":"sq_AL","og_type":"article","og_title":"Franchise Standards Implementation | Management & Training Program | Zero HMT","og_description":"Zero HMT is a leader in the hospitality industry. We offer the best franchise training programs to help you achieve the management standards you aim towards.","og_url":"https:\/\/www.zerohmt.com\/sq\/implementimi-i-standarteve-franchise-programe-trajnimi-dhe-menaxhimi\/","og_site_name":"Zero Hmt","article_modified_time":"2022-02-28T17:41:15+00:00","og_image":[{"width":1920,"height":781,"url":"https:\/\/www.zerohmt.com\/wp-content\/uploads\/2022\/01\/Franchise-Standards-Implementation-Zerohmt.jpg","type":"image\/jpeg"}],"twitter_card":"summary_large_image","twitter_title":"Franchise Standards Implementation | Management & Training Program | Zero HMT","twitter_description":"Zero HMT is a leader in the hospitality industry. We offer the best franchise training programs to help you achieve the management standards you aim towards.","twitter_misc":{"Est. reading time":"1 minute"},"schema":{"@context":"https:\/\/schema.org","@graph":[{"@type":"WebPage","@id":"https:\/\/www.zerohmt.com\/sq\/implementimi-i-standarteve-franchise-programe-trajnimi-dhe-menaxhimi\/","url":"https:\/\/www.zerohmt.com\/sq\/implementimi-i-standarteve-franchise-programe-trajnimi-dhe-menaxhimi\/","name":"Implementimi i Standarteve \u2018Franchise\u2019 | Programe Trajnimi dhe Menaxhimi | Zero HMT","isPartOf":{"@id":"https:\/\/www.zerohmt.com\/#website"},"primaryImageOfPage":{"@id":"https:\/\/www.zerohmt.com\/sq\/implementimi-i-standarteve-franchise-programe-trajnimi-dhe-menaxhimi\/#primaryimage"},"image":{"@id":"https:\/\/www.zerohmt.com\/sq\/implementimi-i-standarteve-franchise-programe-trajnimi-dhe-menaxhimi\/#primaryimage"},"thumbnailUrl":"https:\/\/www.zerohmt.com\/wp-content\/uploads\/2022\/01\/Franchise-Standards-Implementation-Zerohmt.jpg","datePublished":"2022-01-05T11:45:01+00:00","dateModified":"2022-02-28T17:41:15+00:00","description":"Zero HMT \u00ebsht\u00eb nj\u00eb lider n\u00eb fush\u00ebn e hospitalitetit. Ne ofrojm\u00eb programet m\u00eb t\u00eb mira t\u00eb trajnimit p\u00ebr t'ju ndihmuar t\u00eb arrini standardet e menaxhimit q\u00eb synoni.","breadcrumb":{"@id":"https:\/\/www.zerohmt.com\/sq\/implementimi-i-standarteve-franchise-programe-trajnimi-dhe-menaxhimi\/#breadcrumb"},"inLanguage":"sq-AL","potentialAction":[{"@type":"ReadAction","target":["https:\/\/www.zerohmt.com\/sq\/implementimi-i-standarteve-franchise-programe-trajnimi-dhe-menaxhimi\/"]}]},{"@type":"ImageObject","inLanguage":"sq-AL","@id":"https:\/\/www.zerohmt.com\/sq\/implementimi-i-standarteve-franchise-programe-trajnimi-dhe-menaxhimi\/#primaryimage","url":"https:\/\/www.zerohmt.com\/wp-content\/uploads\/2022\/01\/Franchise-Standards-Implementation-Zerohmt.jpg","contentUrl":"https:\/\/www.zerohmt.com\/wp-content\/uploads\/2022\/01\/Franchise-Standards-Implementation-Zerohmt.jpg","width":1920,"height":781},{"@type":"BreadcrumbList","@id":"https:\/\/www.zerohmt.com\/sq\/implementimi-i-standarteve-franchise-programe-trajnimi-dhe-menaxhimi\/#breadcrumb","itemListElement":[{"@type":"ListItem","position":1,"name":"Home","item":"https:\/\/www.zerohmt.com\/sq\/"},{"@type":"ListItem","position":2,"name":"Implementimi i standarteve franchise programe trajnimi dhe menaxhimi"}]},{"@type":"WebSite","@id":"https:\/\/www.zerohmt.com\/#website","url":"https:\/\/www.zerohmt.com\/","name":"Zero Hmt","description":"My WordPress Blog","potentialAction":[{"@type":"SearchAction","target":{"@type":"EntryPoint","urlTemplate":"https:\/\/www.zerohmt.com\/?s={search_term_string}"},"query-input":{"@type":"PropertyValueSpecification","valueRequired":true,"valueName":"search_term_string"}}],"inLanguage":"sq-AL"}]}},"_links":{"self":[{"href":"https:\/\/www.zerohmt.com\/sq\/wp-json\/wp\/v2\/pages\/1639","targetHints":{"allow":["GET"]}}],"collection":[{"href":"https:\/\/www.zerohmt.com\/sq\/wp-json\/wp\/v2\/pages"}],"about":[{"href":"https:\/\/www.zerohmt.com\/sq\/wp-json\/wp\/v2\/types\/page"}],"author":[{"embeddable":true,"href":"https:\/\/www.zerohmt.com\/sq\/wp-json\/wp\/v2\/users\/1"}],"replies":[{"embeddable":true,"href":"https:\/\/www.zerohmt.com\/sq\/wp-json\/wp\/v2\/comments?post=1639"}],"version-history":[{"count":8,"href":"https:\/\/www.zerohmt.com\/sq\/wp-json\/wp\/v2\/pages\/1639\/revisions"}],"predecessor-version":[{"id":1784,"href":"https:\/\/www.zerohmt.com\/sq\/wp-json\/wp\/v2\/pages\/1639\/revisions\/1784"}],"wp:featuredmedia":[{"embeddable":true,"href":"https:\/\/www.zerohmt.com\/sq\/wp-json\/wp\/v2\/media\/1640"}],"wp:attachment":[{"href":"https:\/\/www.zerohmt.com\/sq\/wp-json\/wp\/v2\/media?parent=1639"}],"curies":[{"name":"wp","href":"https:\/\/api.w.org\/{rel}","templated":true}]}}