{"id":1633,"date":"2022-01-05T11:44:29","date_gmt":"2022-01-05T11:44:29","guid":{"rendered":"https:\/\/www.zerohmt.com\/human-resources-consulting-and-training-services\/"},"modified":"2022-02-28T17:41:39","modified_gmt":"2022-02-28T17:41:39","slug":"sherbime-konsulence-dhe-trajnimi-per-burimet-njerezore","status":"publish","type":"page","link":"https:\/\/www.zerohmt.com\/sq\/sherbime-konsulence-dhe-trajnimi-per-burimet-njerezore\/","title":{"rendered":"Sh\u00ebrbime konsulence dhe trajnimi p\u00ebr burimet njer\u00ebzore"},"content":{"rendered":"<p>[vc_row][vc_column]<!-- Start Services Details \n    ============================================= -->\n    <div class=\"services-details-area default-padding\">\n        <div class=\"container\">\n            <div class=\"row\">\n                <div class=\"col-lg-8 content\">\n                    <div class=\"thumb\">\n                        <img decoding=\"async\" src=\"https:\/\/www.zerohmt.com\/wp-content\/uploads\/2022\/01\/Human-Resources-Consulting-Training-Services-Zerohmt.jpg\" alt=\"Thumb\">\n                    <\/div>[vc_custom_heading text=&#8221;Sh\u00ebrbime Konsulence dhe Trajnimi t\u00eb Burimeve Njer\u00ebzore p\u00ebr nj\u00eb kompani m\u00eb t\u00eb suksesshme&#8221; font_container=&#8221;tag:h1|font_size:35px|text_align:left|line_height:43px&#8221; use_theme_fonts=&#8221;yes&#8221; el_class=&#8221;single-serv-title&#8221;][vc_column_text css=&#8221;.vc_custom_1645550264109{margin-bottom: 25px !important;}&#8221;]Suksesi i nj\u00eb kompanie \u00ebsht\u00eb shum\u00eb ngusht\u00eb i lidhur me stafin e saj, ve\u00e7an\u00ebrisht n\u00eb fush\u00ebn e hospitalitetit. Pavar\u00ebrisht madh\u00ebsis\u00eb s\u00eb kompanis\u00eb, personeli n\u00eb pozicionet administrative dhe operative do t\u00eb ndikoj\u00eb n\u00eb nivelin e performanc\u00ebs s\u00eb hotelit apo restorantit tuaj. Kjo \u00ebsht\u00eb arsyeja pse sh\u00ebrbimet tona t\u00eb konsulenc\u00ebs p\u00ebr burimeve njer\u00ebzore jan\u00eb tejet t\u00eb r\u00ebnd\u00ebsishme n\u00eb p\u00ebrcaktimin e suksesit t\u00eb nj\u00eb biznesi.<\/p>\n<p>N\u00eb Zero HMT ne ofrojm\u00eb trajnim dhe zhvillim gjith\u00ebp\u00ebrfshir\u00ebs n\u00eb menaxhimin e burimeve njer\u00ebzore n\u00eb m\u00ebnyr\u00eb q\u00eb ekipi juaj t\u00eb mund t\u00eb ofroj\u00eb sh\u00ebrbime me cil\u00ebsi t\u00eb lart\u00eb me kosto efektive. Q\u00ebllimi yn\u00eb \u00ebsht\u00eb t&#8217;ju ndihmojm\u00eb t\u00eb nd\u00ebrtoni nj\u00eb ekip krijues q\u00eb \u00ebsht\u00eb i p\u00ebrkushtuar dhe absolutisht i p\u00ebrsosur p\u00ebr pozicionin e pun\u00ebs n\u00eb t\u00eb cilin ndodhen.[\/vc_column_text]<div class=\"row thumbs\">\n                        <div class=\"col-lg-6 col-md-6\">\n                            <img decoding=\"async\" src=\"https:\/\/www.zerohmt.com\/wp-content\/uploads\/2022\/01\/Human-Resources-Consulting-Training-Services-for-a-happier-company-Zerohmt.jpg\" alt=\"Thumb\">\n                        <\/div>\n                        <div class=\"col-lg-6 col-md-6\">\n                            <img decoding=\"async\" src=\"https:\/\/www.zerohmt.com\/wp-content\/uploads\/2022\/01\/Human-Resources-Consulting-Training-Services-for-a-happier-company-Zero-Hmt.jpg\" alt=\"Thumb\">\n                        <\/div>\n                    <\/div>\n                <\/div><div class=\"col-lg-4 sidebar\">\n                    <div class=\"sidebar-item link\">\n                        <ul>[vc_wp_custommenu nav_menu=&#8221;38&#8243; el_class=&#8221;single-serv-sidebar-menu&#8221;]<\/ul>\n                    <\/div> <div class=\"sidebar-item banner\">\n                        <div class=\"thumb\">\n                            <img decoding=\"async\" src=\"https:\/\/www.zerohmt.com\/wp-content\/uploads\/2022\/01\/Have-Additional-Questions-zerohmt.jpg\" alt=\"Thumb\">\n                            <div class=\"content\">\n                                <h5>Keni pyetje t\u00eb m\u00ebtejshme?<\/h5>\n                                <h3><i class=\"fas fa-phone\"><\/i> +355 69 303 3336<\/h3>\n                            <\/div>\n                        <\/div>\n                    <\/div><\/div>\n            <\/div>\n        <\/div>\n    <\/div>\n    <!-- End Services Details -->[\/vc_column][\/vc_row][vc_row parallax=&#8221;content-moving&#8221; parallax_image=&#8221;1387&#8243; parallax_speed_bg=&#8221;2&#8243; css=&#8221;.vc_custom_1643198556287{padding-top: 90px !important;padding-bottom: 90px !important;}&#8221;][vc_column][vc_row_inner equal_height=&#8221;yes&#8221; content_placement=&#8221;middle&#8221; el_class=&#8221;container cta-cus&#8221;][vc_column_inner width=&#8221;2\/3&#8243;][vc_custom_heading text=&#8221;Suport p\u00ebr klient\u00ebt 24\/7&#8243; font_container=&#8221;tag:p|font_size:30px|text_align:left|color:%23ffffff|line_height:35px&#8221; use_theme_fonts=&#8221;yes&#8221;][vc_column_text]<span style=\"color: #ffffff;\">P\u00ebr pyetje ose m\u00eb shum\u00eb informacion mbi programet tona t\u00eb trajnimit, ju lutemi lidhuni me ekipin ton\u00eb t\u00eb suportit t\u00eb klientit n\u00eb \u00e7do koh\u00eb. Ne jemi gjithmon\u00eb n\u00eb dispozicion p\u00ebr t\u00eb folur. <\/span>[\/vc_column_text][\/vc_column_inner][vc_column_inner width=&#8221;1\/3&#8243;][vc_btn title=&#8221;Na kontaktoni tani!&#8221; style=&#8221;custom&#8221; custom_background=&#8221;#ffffff&#8221; custom_text=&#8221;#222222&#8243; shape=&#8221;round&#8221; align=&#8221;center&#8221; link=&#8221;url:tel%3A%2B355693033336&#8243; el_class=&#8221;cta-btn&#8221;][\/vc_column_inner][\/vc_row_inner][\/vc_column][\/vc_row]<\/p>\n","protected":false},"excerpt":{"rendered":"<p>[vc_row][vc_column][vc_custom_heading text=&#8221;Sh\u00ebrbime Konsulence dhe Trajnimi t\u00eb Burimeve Njer\u00ebzore p\u00ebr nj\u00eb kompani m\u00eb t\u00eb suksesshme&#8221; font_container=&#8221;tag:h1|font_size:35px|text_align:left|line_height:43px&#8221; use_theme_fonts=&#8221;yes&#8221; el_class=&#8221;single-serv-title&#8221;][vc_column_text css=&#8221;.vc_custom_1645550264109{margin-bottom: 25px !important;}&#8221;]Suksesi i nj\u00eb kompanie \u00ebsht\u00eb shum\u00eb ngusht\u00eb i lidhur me stafin e saj, ve\u00e7an\u00ebrisht n\u00eb fush\u00ebn e hospitalitetit. Pavar\u00ebrisht madh\u00ebsis\u00eb s\u00eb kompanis\u00eb, personeli n\u00eb pozicionet administrative dhe operative do t\u00eb ndikoj\u00eb n\u00eb nivelin e performanc\u00ebs s\u00eb [&hellip;]<\/p>\n","protected":false},"author":1,"featured_media":1634,"parent":0,"menu_order":0,"comment_status":"closed","ping_status":"closed","template":"page-templates\/pages.php","meta":{"footnotes":""},"class_list":["post-1633","page","type-page","status-publish","has-post-thumbnail","hentry"],"yoast_head":"<!-- This site is optimized with the Yoast SEO plugin v27.2 - https:\/\/yoast.com\/product\/yoast-seo-wordpress\/ -->\n<title>Sh\u00ebrbime Konsulence dhe Trajnimi p\u00ebr Burimet Njer\u00ebzore | Zero HMT<\/title>\n<meta name=\"description\" content=\"Konsulenca jon\u00eb p\u00ebr burimet njer\u00ebzore ju ndihmon t\u00eb nd\u00ebrtoni nj\u00eb kompani t\u00eb suksesshme, dhe nj\u00eb ekip t\u00eb lumtur. Merrni trajnimin e duhur vet\u00ebm tek Zero HMT.\" \/>\n<meta name=\"robots\" content=\"index, follow, max-snippet:-1, max-image-preview:large, max-video-preview:-1\" \/>\n<link rel=\"canonical\" href=\"https:\/\/www.zerohmt.com\/sq\/sherbime-konsulence-dhe-trajnimi-per-burimet-njerezore\/\" \/>\n<meta property=\"og:locale\" content=\"sq_AL\" \/>\n<meta property=\"og:type\" content=\"article\" \/>\n<meta property=\"og:title\" content=\"Human Resources Consulting &amp; Training Services | Zero HMT\" \/>\n<meta property=\"og:description\" content=\"Our HR consulting services can help you build a successful company with a better culture and happier team. Get the best HR training and development at Zero HMT.\" \/>\n<meta property=\"og:url\" content=\"https:\/\/www.zerohmt.com\/sq\/sherbime-konsulence-dhe-trajnimi-per-burimet-njerezore\/\" \/>\n<meta property=\"og:site_name\" content=\"Zero Hmt\" \/>\n<meta property=\"article:modified_time\" content=\"2022-02-28T17:41:39+00:00\" \/>\n<meta property=\"og:image\" content=\"https:\/\/www.zerohmt.com\/wp-content\/uploads\/2022\/01\/Human-Resources-Consulting-Zerohmt.jpg\" \/>\n\t<meta property=\"og:image:width\" content=\"1920\" \/>\n\t<meta property=\"og:image:height\" content=\"900\" \/>\n\t<meta property=\"og:image:type\" content=\"image\/jpeg\" \/>\n<meta name=\"twitter:card\" content=\"summary_large_image\" \/>\n<meta name=\"twitter:title\" content=\"Human Resources Consulting &amp; Training Services | Zero HMT\" \/>\n<meta name=\"twitter:description\" content=\"Our HR consulting services can help you build a successful company with a better culture and happier team. Get the best HR training and development at Zero HMT.\" \/>\n<meta name=\"twitter:label1\" content=\"Est. reading time\" \/>\n\t<meta name=\"twitter:data1\" content=\"1 minute\" \/>\n<script type=\"application\/ld+json\" class=\"yoast-schema-graph\">{\"@context\":\"https:\/\/schema.org\",\"@graph\":[{\"@type\":\"WebPage\",\"@id\":\"https:\/\/www.zerohmt.com\/sq\/sherbime-konsulence-dhe-trajnimi-per-burimet-njerezore\/\",\"url\":\"https:\/\/www.zerohmt.com\/sq\/sherbime-konsulence-dhe-trajnimi-per-burimet-njerezore\/\",\"name\":\"Sh\u00ebrbime Konsulence dhe Trajnimi p\u00ebr Burimet Njer\u00ebzore | Zero HMT\",\"isPartOf\":{\"@id\":\"https:\/\/www.zerohmt.com\/#website\"},\"primaryImageOfPage\":{\"@id\":\"https:\/\/www.zerohmt.com\/sq\/sherbime-konsulence-dhe-trajnimi-per-burimet-njerezore\/#primaryimage\"},\"image\":{\"@id\":\"https:\/\/www.zerohmt.com\/sq\/sherbime-konsulence-dhe-trajnimi-per-burimet-njerezore\/#primaryimage\"},\"thumbnailUrl\":\"https:\/\/www.zerohmt.com\/wp-content\/uploads\/2022\/01\/Human-Resources-Consulting-Zerohmt.jpg\",\"datePublished\":\"2022-01-05T11:44:29+00:00\",\"dateModified\":\"2022-02-28T17:41:39+00:00\",\"description\":\"Konsulenca jon\u00eb p\u00ebr burimet njer\u00ebzore ju ndihmon t\u00eb nd\u00ebrtoni nj\u00eb kompani t\u00eb suksesshme, dhe nj\u00eb ekip t\u00eb lumtur. Merrni trajnimin e duhur vet\u00ebm tek Zero HMT.\",\"breadcrumb\":{\"@id\":\"https:\/\/www.zerohmt.com\/sq\/sherbime-konsulence-dhe-trajnimi-per-burimet-njerezore\/#breadcrumb\"},\"inLanguage\":\"sq-AL\",\"potentialAction\":[{\"@type\":\"ReadAction\",\"target\":[\"https:\/\/www.zerohmt.com\/sq\/sherbime-konsulence-dhe-trajnimi-per-burimet-njerezore\/\"]}]},{\"@type\":\"ImageObject\",\"inLanguage\":\"sq-AL\",\"@id\":\"https:\/\/www.zerohmt.com\/sq\/sherbime-konsulence-dhe-trajnimi-per-burimet-njerezore\/#primaryimage\",\"url\":\"https:\/\/www.zerohmt.com\/wp-content\/uploads\/2022\/01\/Human-Resources-Consulting-Zerohmt.jpg\",\"contentUrl\":\"https:\/\/www.zerohmt.com\/wp-content\/uploads\/2022\/01\/Human-Resources-Consulting-Zerohmt.jpg\",\"width\":1920,\"height\":900},{\"@type\":\"BreadcrumbList\",\"@id\":\"https:\/\/www.zerohmt.com\/sq\/sherbime-konsulence-dhe-trajnimi-per-burimet-njerezore\/#breadcrumb\",\"itemListElement\":[{\"@type\":\"ListItem\",\"position\":1,\"name\":\"Home\",\"item\":\"https:\/\/www.zerohmt.com\/sq\/\"},{\"@type\":\"ListItem\",\"position\":2,\"name\":\"Sh\u00ebrbime konsulence dhe trajnimi p\u00ebr burimet njer\u00ebzore\"}]},{\"@type\":\"WebSite\",\"@id\":\"https:\/\/www.zerohmt.com\/#website\",\"url\":\"https:\/\/www.zerohmt.com\/\",\"name\":\"Zero Hmt\",\"description\":\"My WordPress Blog\",\"potentialAction\":[{\"@type\":\"SearchAction\",\"target\":{\"@type\":\"EntryPoint\",\"urlTemplate\":\"https:\/\/www.zerohmt.com\/?s={search_term_string}\"},\"query-input\":{\"@type\":\"PropertyValueSpecification\",\"valueRequired\":true,\"valueName\":\"search_term_string\"}}],\"inLanguage\":\"sq-AL\"}]}<\/script>\n<!-- \/ Yoast SEO plugin. -->","yoast_head_json":{"title":"Sh\u00ebrbime Konsulence dhe Trajnimi p\u00ebr Burimet Njer\u00ebzore | Zero HMT","description":"Konsulenca jon\u00eb p\u00ebr burimet njer\u00ebzore ju ndihmon t\u00eb nd\u00ebrtoni nj\u00eb kompani t\u00eb suksesshme, dhe nj\u00eb ekip t\u00eb lumtur. Merrni trajnimin e duhur vet\u00ebm tek Zero HMT.","robots":{"index":"index","follow":"follow","max-snippet":"max-snippet:-1","max-image-preview":"max-image-preview:large","max-video-preview":"max-video-preview:-1"},"canonical":"https:\/\/www.zerohmt.com\/sq\/sherbime-konsulence-dhe-trajnimi-per-burimet-njerezore\/","og_locale":"sq_AL","og_type":"article","og_title":"Human Resources Consulting & Training Services | Zero HMT","og_description":"Our HR consulting services can help you build a successful company with a better culture and happier team. Get the best HR training and development at Zero HMT.","og_url":"https:\/\/www.zerohmt.com\/sq\/sherbime-konsulence-dhe-trajnimi-per-burimet-njerezore\/","og_site_name":"Zero Hmt","article_modified_time":"2022-02-28T17:41:39+00:00","og_image":[{"width":1920,"height":900,"url":"https:\/\/www.zerohmt.com\/wp-content\/uploads\/2022\/01\/Human-Resources-Consulting-Zerohmt.jpg","type":"image\/jpeg"}],"twitter_card":"summary_large_image","twitter_title":"Human Resources Consulting & Training Services | Zero HMT","twitter_description":"Our HR consulting services can help you build a successful company with a better culture and happier team. Get the best HR training and development at Zero HMT.","twitter_misc":{"Est. reading time":"1 minute"},"schema":{"@context":"https:\/\/schema.org","@graph":[{"@type":"WebPage","@id":"https:\/\/www.zerohmt.com\/sq\/sherbime-konsulence-dhe-trajnimi-per-burimet-njerezore\/","url":"https:\/\/www.zerohmt.com\/sq\/sherbime-konsulence-dhe-trajnimi-per-burimet-njerezore\/","name":"Sh\u00ebrbime Konsulence dhe Trajnimi p\u00ebr Burimet Njer\u00ebzore | Zero HMT","isPartOf":{"@id":"https:\/\/www.zerohmt.com\/#website"},"primaryImageOfPage":{"@id":"https:\/\/www.zerohmt.com\/sq\/sherbime-konsulence-dhe-trajnimi-per-burimet-njerezore\/#primaryimage"},"image":{"@id":"https:\/\/www.zerohmt.com\/sq\/sherbime-konsulence-dhe-trajnimi-per-burimet-njerezore\/#primaryimage"},"thumbnailUrl":"https:\/\/www.zerohmt.com\/wp-content\/uploads\/2022\/01\/Human-Resources-Consulting-Zerohmt.jpg","datePublished":"2022-01-05T11:44:29+00:00","dateModified":"2022-02-28T17:41:39+00:00","description":"Konsulenca jon\u00eb p\u00ebr burimet njer\u00ebzore ju ndihmon t\u00eb nd\u00ebrtoni nj\u00eb kompani t\u00eb suksesshme, dhe nj\u00eb ekip t\u00eb lumtur. Merrni trajnimin e duhur vet\u00ebm tek Zero HMT.","breadcrumb":{"@id":"https:\/\/www.zerohmt.com\/sq\/sherbime-konsulence-dhe-trajnimi-per-burimet-njerezore\/#breadcrumb"},"inLanguage":"sq-AL","potentialAction":[{"@type":"ReadAction","target":["https:\/\/www.zerohmt.com\/sq\/sherbime-konsulence-dhe-trajnimi-per-burimet-njerezore\/"]}]},{"@type":"ImageObject","inLanguage":"sq-AL","@id":"https:\/\/www.zerohmt.com\/sq\/sherbime-konsulence-dhe-trajnimi-per-burimet-njerezore\/#primaryimage","url":"https:\/\/www.zerohmt.com\/wp-content\/uploads\/2022\/01\/Human-Resources-Consulting-Zerohmt.jpg","contentUrl":"https:\/\/www.zerohmt.com\/wp-content\/uploads\/2022\/01\/Human-Resources-Consulting-Zerohmt.jpg","width":1920,"height":900},{"@type":"BreadcrumbList","@id":"https:\/\/www.zerohmt.com\/sq\/sherbime-konsulence-dhe-trajnimi-per-burimet-njerezore\/#breadcrumb","itemListElement":[{"@type":"ListItem","position":1,"name":"Home","item":"https:\/\/www.zerohmt.com\/sq\/"},{"@type":"ListItem","position":2,"name":"Sh\u00ebrbime konsulence dhe trajnimi p\u00ebr burimet njer\u00ebzore"}]},{"@type":"WebSite","@id":"https:\/\/www.zerohmt.com\/#website","url":"https:\/\/www.zerohmt.com\/","name":"Zero Hmt","description":"My WordPress Blog","potentialAction":[{"@type":"SearchAction","target":{"@type":"EntryPoint","urlTemplate":"https:\/\/www.zerohmt.com\/?s={search_term_string}"},"query-input":{"@type":"PropertyValueSpecification","valueRequired":true,"valueName":"search_term_string"}}],"inLanguage":"sq-AL"}]}},"_links":{"self":[{"href":"https:\/\/www.zerohmt.com\/sq\/wp-json\/wp\/v2\/pages\/1633","targetHints":{"allow":["GET"]}}],"collection":[{"href":"https:\/\/www.zerohmt.com\/sq\/wp-json\/wp\/v2\/pages"}],"about":[{"href":"https:\/\/www.zerohmt.com\/sq\/wp-json\/wp\/v2\/types\/page"}],"author":[{"embeddable":true,"href":"https:\/\/www.zerohmt.com\/sq\/wp-json\/wp\/v2\/users\/1"}],"replies":[{"embeddable":true,"href":"https:\/\/www.zerohmt.com\/sq\/wp-json\/wp\/v2\/comments?post=1633"}],"version-history":[{"count":8,"href":"https:\/\/www.zerohmt.com\/sq\/wp-json\/wp\/v2\/pages\/1633\/revisions"}],"predecessor-version":[{"id":1785,"href":"https:\/\/www.zerohmt.com\/sq\/wp-json\/wp\/v2\/pages\/1633\/revisions\/1785"}],"wp:featuredmedia":[{"embeddable":true,"href":"https:\/\/www.zerohmt.com\/sq\/wp-json\/wp\/v2\/media\/1634"}],"wp:attachment":[{"href":"https:\/\/www.zerohmt.com\/sq\/wp-json\/wp\/v2\/media?parent=1633"}],"curies":[{"name":"wp","href":"https:\/\/api.w.org\/{rel}","templated":true}]}}