{"id":1627,"date":"2022-01-05T11:43:54","date_gmt":"2022-01-05T11:43:54","guid":{"rendered":"https:\/\/www.zerohmt.com\/event-planning-company\/"},"modified":"2022-02-28T17:44:24","modified_gmt":"2022-02-28T17:44:24","slug":"planifikim-organizim-dhe-menaxhim-eventesh","status":"publish","type":"page","link":"https:\/\/www.zerohmt.com\/sq\/planifikim-organizim-dhe-menaxhim-eventesh\/","title":{"rendered":"Planifikim organizim dhe menaxhim eventesh"},"content":{"rendered":"<p>[vc_row][vc_column]<!-- Start Services Details \n    ============================================= -->\n    <div class=\"services-details-area default-padding\">\n        <div class=\"container\">\n            <div class=\"row\">\n                <div class=\"col-lg-8 content\">\n                    <div class=\"thumb\">\n                        <img decoding=\"async\" src=\"https:\/\/www.zerohmt.com\/wp-content\/uploads\/2022\/01\/Host-unforgettable-events-with-our-event-management-team-Zerohmt.jpg\" alt=\"Thumb\">\n                    <\/div>[vc_custom_heading text=&#8221;Organizoni evente t\u00eb paharrushme me ekipin ton\u00eb t\u00eb menaxhimit t\u00eb eventeve&#8221; font_container=&#8221;tag:h1|font_size:35px|text_align:left|line_height:43px&#8221; use_theme_fonts=&#8221;yes&#8221; el_class=&#8221;single-serv-title&#8221;][vc_column_text css=&#8221;.vc_custom_1645550835037{margin-bottom: 25px !important;}&#8221;]Programi yn\u00eb i trajnimit p\u00ebr menaxhimin e eventeve \u00ebsht\u00eb konceptuar p\u00ebr t\u00eb l\u00ebn\u00eb mbresa. \u00cbsht\u00eb nj\u00eb proces krijues q\u00eb mund t&#8217;ju ndihmoj\u00eb t\u00eb lini p\u00ebrshtypje sa m\u00eb t\u00eb mira tek t\u00eb ftuarit tuaj dhe t\u00eb rrisni reputacionin e kompanis\u00eb suaj.<\/p>\n<p>N\u00eb kurset e trajnimit Zero HMT p\u00ebr menaxhimin e eventeve, ne do t&#8217;ju tregojm\u00eb se si t\u00eb rezervoni artist\u00eb dhe t\u00eb p\u00ebrballoni me \u00e7do penges\u00eb me leht\u00ebsi. P\u00ebrve\u00e7 k\u00ebsaj, do t\u00eb merrni informacione t\u00eb r\u00ebnd\u00ebsishme mbi skenografin\u00eb dhe do t\u00eb m\u00ebsoni se si t\u00eb p\u00ebrdorni audion, dritat dhe sken\u00ebn p\u00ebr t\u00eb ofruar nj\u00eb p\u00ebrvoj\u00eb t\u00eb paharrueshme. Dhe s\u00eb fundi, ekipi yn\u00eb i talentuar i dizajnerave \u00ebsht\u00eb i gatsh\u00ebm p\u00ebr t&#8217;ju ndihmuar me arredimin e hap\u00ebsir\u00ebs n\u00eb m\u00ebnyr\u00eb q\u00eb i gjith\u00eb eventi t\u00eb jet\u00eb i menduar mir\u00eb deri n\u00eb detajet e fundit.[\/vc_column_text]<div class=\"row thumbs\">\n                        <div class=\"col-lg-6 col-md-6\">\n                            <img decoding=\"async\" src=\"https:\/\/www.zerohmt.com\/wp-content\/uploads\/2022\/01\/Host-unforgettable-events-Zerohmt.jpg\" alt=\"Thumb\">\n                        <\/div>\n                        <div class=\"col-lg-6 col-md-6\">\n                            <img decoding=\"async\" src=\"https:\/\/www.zerohmt.com\/wp-content\/uploads\/2022\/01\/Host-unforgettable-events-with-our-event-management-team-Zero-Hmt.jpg\" alt=\"Thumb\">\n                        <\/div>\n                    <\/div>\n                <\/div><div class=\"col-lg-4 sidebar\">\n                    <div class=\"sidebar-item link\">\n                        <ul>[vc_wp_custommenu nav_menu=&#8221;38&#8243; el_class=&#8221;single-serv-sidebar-menu&#8221;]<\/ul>\n                    <\/div> <div class=\"sidebar-item banner\">\n                        <div class=\"thumb\">\n                            <img decoding=\"async\" src=\"https:\/\/www.zerohmt.com\/wp-content\/uploads\/2022\/01\/Have-Additional-Questions-zerohmt.jpg\" alt=\"Thumb\">\n                            <div class=\"content\">\n                                <h5>Keni pyetje t\u00eb m\u00ebtejshme?<\/h5>\n                                <h3><i class=\"fas fa-phone\"><\/i> +355 69 303 3336<\/h3>\n                            <\/div>\n                        <\/div>\n                    <\/div><\/div>\n            <\/div>\n        <\/div>\n    <\/div>\n    <!-- End Services Details -->[\/vc_column][\/vc_row][vc_row parallax=&#8221;content-moving&#8221; parallax_image=&#8221;1387&#8243; parallax_speed_bg=&#8221;2&#8243; css=&#8221;.vc_custom_1643198547929{padding-top: 90px !important;padding-bottom: 90px !important;}&#8221;][vc_column][vc_row_inner equal_height=&#8221;yes&#8221; content_placement=&#8221;middle&#8221; el_class=&#8221;container cta-cus&#8221;][vc_column_inner width=&#8221;2\/3&#8243;][vc_custom_heading text=&#8221;Suport p\u00ebr klient\u00ebt 24\/7&#8243; font_container=&#8221;tag:p|font_size:30px|text_align:left|color:%23ffffff|line_height:35px&#8221; use_theme_fonts=&#8221;yes&#8221;][vc_column_text]<span style=\"color: #ffffff;\">P\u00ebr pyetje ose m\u00eb shum\u00eb informacion mbi programet tona t\u00eb trajnimit, ju lutemi lidhuni me ekipin ton\u00eb t\u00eb suportit t\u00eb klientit n\u00eb \u00e7do koh\u00eb. Ne jemi gjithmon\u00eb n\u00eb dispozicion p\u00ebr t\u00eb folur. <\/span>[\/vc_column_text][\/vc_column_inner][vc_column_inner width=&#8221;1\/3&#8243;][vc_btn title=&#8221;Na kontaktoni tani!&#8221; style=&#8221;custom&#8221; custom_background=&#8221;#ffffff&#8221; custom_text=&#8221;#222222&#8243; shape=&#8221;round&#8221; align=&#8221;center&#8221; link=&#8221;url:tel%3A%2B355693033336&#8243; el_class=&#8221;cta-btn&#8221;][\/vc_column_inner][\/vc_row_inner][\/vc_column][\/vc_row]<\/p>\n","protected":false},"excerpt":{"rendered":"<p>[vc_row][vc_column][vc_custom_heading text=&#8221;Organizoni evente t\u00eb paharrushme me ekipin ton\u00eb t\u00eb menaxhimit t\u00eb eventeve&#8221; font_container=&#8221;tag:h1|font_size:35px|text_align:left|line_height:43px&#8221; use_theme_fonts=&#8221;yes&#8221; el_class=&#8221;single-serv-title&#8221;][vc_column_text css=&#8221;.vc_custom_1645550835037{margin-bottom: 25px !important;}&#8221;]Programi yn\u00eb i trajnimit p\u00ebr menaxhimin e eventeve \u00ebsht\u00eb konceptuar p\u00ebr t\u00eb l\u00ebn\u00eb mbresa. \u00cbsht\u00eb nj\u00eb proces krijues q\u00eb mund t&#8217;ju ndihmoj\u00eb t\u00eb lini p\u00ebrshtypje sa m\u00eb t\u00eb mira tek t\u00eb ftuarit tuaj dhe t\u00eb rrisni reputacionin e [&hellip;]<\/p>\n","protected":false},"author":1,"featured_media":1629,"parent":0,"menu_order":0,"comment_status":"closed","ping_status":"closed","template":"page-templates\/pages.php","meta":{"footnotes":""},"class_list":["post-1627","page","type-page","status-publish","has-post-thumbnail","hentry"],"yoast_head":"<!-- This site is optimized with the Yoast SEO plugin v27.2 - https:\/\/yoast.com\/product\/yoast-seo-wordpress\/ -->\n<title>Planifikim, Organizim dhe Menaxhim Eventesh | Zero HMT<\/title>\n<meta name=\"description\" content=\"Zero HMT \u00ebsht\u00eb nj\u00eb kompani lider p\u00ebr menaxhim dhe organizim eventesh. Ne kemi organizuar festa t\u00eb paharrueshme. Kontaktoni ekipin ton\u00eb p\u00ebr m\u00eb shum\u00eb detaje.\" \/>\n<meta name=\"robots\" content=\"index, follow, max-snippet:-1, max-image-preview:large, max-video-preview:-1\" \/>\n<link rel=\"canonical\" href=\"https:\/\/www.zerohmt.com\/sq\/planifikim-organizim-dhe-menaxhim-eventesh\/\" \/>\n<meta property=\"og:locale\" content=\"sq_AL\" \/>\n<meta property=\"og:type\" content=\"article\" \/>\n<meta property=\"og:title\" content=\"Event Planning &amp; Management Training Programs | Zero HMT\" \/>\n<meta property=\"og:description\" content=\"Enroll in the Zero HMT event planning courses to become the best coordinator in the field of hospitality. Find more event management course details on our site.\" \/>\n<meta property=\"og:url\" content=\"https:\/\/www.zerohmt.com\/sq\/planifikim-organizim-dhe-menaxhim-eventesh\/\" \/>\n<meta property=\"og:site_name\" content=\"Zero Hmt\" \/>\n<meta property=\"article:modified_time\" content=\"2022-02-28T17:44:24+00:00\" \/>\n<meta property=\"og:image\" content=\"https:\/\/www.zerohmt.com\/wp-content\/uploads\/2022\/01\/Event-Planning-Zerohmt.jpg\" \/>\n\t<meta property=\"og:image:width\" content=\"1920\" \/>\n\t<meta property=\"og:image:height\" content=\"748\" \/>\n\t<meta property=\"og:image:type\" content=\"image\/jpeg\" \/>\n<meta name=\"twitter:card\" content=\"summary_large_image\" \/>\n<meta name=\"twitter:title\" content=\"Event Planning &amp; Management Training Programs | Zero HMT\" \/>\n<meta name=\"twitter:description\" content=\"Enroll in the Zero HMT event planning courses to become the best coordinator in the field of hospitality. Find more event management course details on our site.\" \/>\n<meta name=\"twitter:label1\" content=\"Est. reading time\" \/>\n\t<meta name=\"twitter:data1\" content=\"2 minutes\" \/>\n<script type=\"application\/ld+json\" class=\"yoast-schema-graph\">{\"@context\":\"https:\/\/schema.org\",\"@graph\":[{\"@type\":\"WebPage\",\"@id\":\"https:\/\/www.zerohmt.com\/sq\/planifikim-organizim-dhe-menaxhim-eventesh\/\",\"url\":\"https:\/\/www.zerohmt.com\/sq\/planifikim-organizim-dhe-menaxhim-eventesh\/\",\"name\":\"Planifikim, Organizim dhe Menaxhim Eventesh | Zero HMT\",\"isPartOf\":{\"@id\":\"https:\/\/www.zerohmt.com\/#website\"},\"primaryImageOfPage\":{\"@id\":\"https:\/\/www.zerohmt.com\/sq\/planifikim-organizim-dhe-menaxhim-eventesh\/#primaryimage\"},\"image\":{\"@id\":\"https:\/\/www.zerohmt.com\/sq\/planifikim-organizim-dhe-menaxhim-eventesh\/#primaryimage\"},\"thumbnailUrl\":\"https:\/\/www.zerohmt.com\/wp-content\/uploads\/2022\/01\/Event-Planning-Zerohmt.jpg\",\"datePublished\":\"2022-01-05T11:43:54+00:00\",\"dateModified\":\"2022-02-28T17:44:24+00:00\",\"description\":\"Zero HMT \u00ebsht\u00eb nj\u00eb kompani lider p\u00ebr menaxhim dhe organizim eventesh. Ne kemi organizuar festa t\u00eb paharrueshme. Kontaktoni ekipin ton\u00eb p\u00ebr m\u00eb shum\u00eb detaje.\",\"breadcrumb\":{\"@id\":\"https:\/\/www.zerohmt.com\/sq\/planifikim-organizim-dhe-menaxhim-eventesh\/#breadcrumb\"},\"inLanguage\":\"sq-AL\",\"potentialAction\":[{\"@type\":\"ReadAction\",\"target\":[\"https:\/\/www.zerohmt.com\/sq\/planifikim-organizim-dhe-menaxhim-eventesh\/\"]}]},{\"@type\":\"ImageObject\",\"inLanguage\":\"sq-AL\",\"@id\":\"https:\/\/www.zerohmt.com\/sq\/planifikim-organizim-dhe-menaxhim-eventesh\/#primaryimage\",\"url\":\"https:\/\/www.zerohmt.com\/wp-content\/uploads\/2022\/01\/Event-Planning-Zerohmt.jpg\",\"contentUrl\":\"https:\/\/www.zerohmt.com\/wp-content\/uploads\/2022\/01\/Event-Planning-Zerohmt.jpg\",\"width\":1920,\"height\":748},{\"@type\":\"BreadcrumbList\",\"@id\":\"https:\/\/www.zerohmt.com\/sq\/planifikim-organizim-dhe-menaxhim-eventesh\/#breadcrumb\",\"itemListElement\":[{\"@type\":\"ListItem\",\"position\":1,\"name\":\"Home\",\"item\":\"https:\/\/www.zerohmt.com\/sq\/\"},{\"@type\":\"ListItem\",\"position\":2,\"name\":\"Planifikim organizim dhe menaxhim eventesh\"}]},{\"@type\":\"WebSite\",\"@id\":\"https:\/\/www.zerohmt.com\/#website\",\"url\":\"https:\/\/www.zerohmt.com\/\",\"name\":\"Zero Hmt\",\"description\":\"My WordPress Blog\",\"potentialAction\":[{\"@type\":\"SearchAction\",\"target\":{\"@type\":\"EntryPoint\",\"urlTemplate\":\"https:\/\/www.zerohmt.com\/?s={search_term_string}\"},\"query-input\":{\"@type\":\"PropertyValueSpecification\",\"valueRequired\":true,\"valueName\":\"search_term_string\"}}],\"inLanguage\":\"sq-AL\"}]}<\/script>\n<!-- \/ Yoast SEO plugin. -->","yoast_head_json":{"title":"Planifikim, Organizim dhe Menaxhim Eventesh | Zero HMT","description":"Zero HMT \u00ebsht\u00eb nj\u00eb kompani lider p\u00ebr menaxhim dhe organizim eventesh. Ne kemi organizuar festa t\u00eb paharrueshme. Kontaktoni ekipin ton\u00eb p\u00ebr m\u00eb shum\u00eb detaje.","robots":{"index":"index","follow":"follow","max-snippet":"max-snippet:-1","max-image-preview":"max-image-preview:large","max-video-preview":"max-video-preview:-1"},"canonical":"https:\/\/www.zerohmt.com\/sq\/planifikim-organizim-dhe-menaxhim-eventesh\/","og_locale":"sq_AL","og_type":"article","og_title":"Event Planning & Management Training Programs | Zero HMT","og_description":"Enroll in the Zero HMT event planning courses to become the best coordinator in the field of hospitality. Find more event management course details on our site.","og_url":"https:\/\/www.zerohmt.com\/sq\/planifikim-organizim-dhe-menaxhim-eventesh\/","og_site_name":"Zero Hmt","article_modified_time":"2022-02-28T17:44:24+00:00","og_image":[{"width":1920,"height":748,"url":"https:\/\/www.zerohmt.com\/wp-content\/uploads\/2022\/01\/Event-Planning-Zerohmt.jpg","type":"image\/jpeg"}],"twitter_card":"summary_large_image","twitter_title":"Event Planning & Management Training Programs | Zero HMT","twitter_description":"Enroll in the Zero HMT event planning courses to become the best coordinator in the field of hospitality. Find more event management course details on our site.","twitter_misc":{"Est. reading time":"2 minutes"},"schema":{"@context":"https:\/\/schema.org","@graph":[{"@type":"WebPage","@id":"https:\/\/www.zerohmt.com\/sq\/planifikim-organizim-dhe-menaxhim-eventesh\/","url":"https:\/\/www.zerohmt.com\/sq\/planifikim-organizim-dhe-menaxhim-eventesh\/","name":"Planifikim, Organizim dhe Menaxhim Eventesh | Zero HMT","isPartOf":{"@id":"https:\/\/www.zerohmt.com\/#website"},"primaryImageOfPage":{"@id":"https:\/\/www.zerohmt.com\/sq\/planifikim-organizim-dhe-menaxhim-eventesh\/#primaryimage"},"image":{"@id":"https:\/\/www.zerohmt.com\/sq\/planifikim-organizim-dhe-menaxhim-eventesh\/#primaryimage"},"thumbnailUrl":"https:\/\/www.zerohmt.com\/wp-content\/uploads\/2022\/01\/Event-Planning-Zerohmt.jpg","datePublished":"2022-01-05T11:43:54+00:00","dateModified":"2022-02-28T17:44:24+00:00","description":"Zero HMT \u00ebsht\u00eb nj\u00eb kompani lider p\u00ebr menaxhim dhe organizim eventesh. Ne kemi organizuar festa t\u00eb paharrueshme. Kontaktoni ekipin ton\u00eb p\u00ebr m\u00eb shum\u00eb detaje.","breadcrumb":{"@id":"https:\/\/www.zerohmt.com\/sq\/planifikim-organizim-dhe-menaxhim-eventesh\/#breadcrumb"},"inLanguage":"sq-AL","potentialAction":[{"@type":"ReadAction","target":["https:\/\/www.zerohmt.com\/sq\/planifikim-organizim-dhe-menaxhim-eventesh\/"]}]},{"@type":"ImageObject","inLanguage":"sq-AL","@id":"https:\/\/www.zerohmt.com\/sq\/planifikim-organizim-dhe-menaxhim-eventesh\/#primaryimage","url":"https:\/\/www.zerohmt.com\/wp-content\/uploads\/2022\/01\/Event-Planning-Zerohmt.jpg","contentUrl":"https:\/\/www.zerohmt.com\/wp-content\/uploads\/2022\/01\/Event-Planning-Zerohmt.jpg","width":1920,"height":748},{"@type":"BreadcrumbList","@id":"https:\/\/www.zerohmt.com\/sq\/planifikim-organizim-dhe-menaxhim-eventesh\/#breadcrumb","itemListElement":[{"@type":"ListItem","position":1,"name":"Home","item":"https:\/\/www.zerohmt.com\/sq\/"},{"@type":"ListItem","position":2,"name":"Planifikim organizim dhe menaxhim eventesh"}]},{"@type":"WebSite","@id":"https:\/\/www.zerohmt.com\/#website","url":"https:\/\/www.zerohmt.com\/","name":"Zero Hmt","description":"My WordPress Blog","potentialAction":[{"@type":"SearchAction","target":{"@type":"EntryPoint","urlTemplate":"https:\/\/www.zerohmt.com\/?s={search_term_string}"},"query-input":{"@type":"PropertyValueSpecification","valueRequired":true,"valueName":"search_term_string"}}],"inLanguage":"sq-AL"}]}},"_links":{"self":[{"href":"https:\/\/www.zerohmt.com\/sq\/wp-json\/wp\/v2\/pages\/1627","targetHints":{"allow":["GET"]}}],"collection":[{"href":"https:\/\/www.zerohmt.com\/sq\/wp-json\/wp\/v2\/pages"}],"about":[{"href":"https:\/\/www.zerohmt.com\/sq\/wp-json\/wp\/v2\/types\/page"}],"author":[{"embeddable":true,"href":"https:\/\/www.zerohmt.com\/sq\/wp-json\/wp\/v2\/users\/1"}],"replies":[{"embeddable":true,"href":"https:\/\/www.zerohmt.com\/sq\/wp-json\/wp\/v2\/comments?post=1627"}],"version-history":[{"count":9,"href":"https:\/\/www.zerohmt.com\/sq\/wp-json\/wp\/v2\/pages\/1627\/revisions"}],"predecessor-version":[{"id":1788,"href":"https:\/\/www.zerohmt.com\/sq\/wp-json\/wp\/v2\/pages\/1627\/revisions\/1788"}],"wp:featuredmedia":[{"embeddable":true,"href":"https:\/\/www.zerohmt.com\/sq\/wp-json\/wp\/v2\/media\/1629"}],"wp:attachment":[{"href":"https:\/\/www.zerohmt.com\/sq\/wp-json\/wp\/v2\/media?parent=1627"}],"curies":[{"name":"wp","href":"https:\/\/api.w.org\/{rel}","templated":true}]}}