{"id":1619,"date":"2021-01-29T13:59:06","date_gmt":"2021-01-29T13:59:06","guid":{"rendered":"https:\/\/www.zerohmt.com\/hospitality-management-solutions-training-programs\/"},"modified":"2022-02-28T17:42:13","modified_gmt":"2022-02-28T17:42:13","slug":"programe-trajnimi-menaxhimi-ne-hospitalitet","status":"publish","type":"page","link":"https:\/\/www.zerohmt.com\/sq\/programe-trajnimi-menaxhimi-ne-hospitalitet\/","title":{"rendered":"Programe trajnimi menaxhimi n\u00eb hospitalitet"},"content":{"rendered":"<p>[vc_row][vc_column]<!-- Start Services Details \n    ============================================= -->\n    <div class=\"services-details-area default-padding\">\n        <div class=\"container\">\n            <div class=\"row\">\n                <div class=\"col-lg-8 content\">\n                    <div class=\"thumb\">\n                        <img decoding=\"async\" src=\"https:\/\/www.zerohmt.com\/wp-content\/uploads\/2022\/01\/All-inclusive-hospitality-management-solutions-Zerohmt.jpg\" alt=\"Thumb\">\n                    <\/div>[vc_custom_heading text=&#8221;Zgjidhja m\u00eb e mir\u00eb p\u00ebr menaxhimin n\u00eb fush\u00ebn e hospitalitetit&#8221; font_container=&#8221;tag:h1|font_size:35px|text_align:left|line_height:43px&#8221; use_theme_fonts=&#8221;yes&#8221; el_class=&#8221;single-serv-title&#8221;][vc_column_text css=&#8221;.vc_custom_1645549190581{margin-bottom: 25px !important;}&#8221;]Zero HMT \u00ebsht\u00eb nj\u00eb kompani konsulence n\u00eb fush\u00ebn e hospitalitetit q\u00eb synon t\u00eb ndihmoj\u00eb bizneset e m\u00ebdha dhe t\u00eb vogla t\u00eb arrijn\u00eb jo vet\u00ebm nj\u00eb standard m\u00eb t\u00eb lart\u00eb n\u00eb k\u00ebt\u00eb industri, por edhe t\u00eb nd\u00ebrtojn\u00eb nj\u00eb ekip m\u00eb t\u00eb lumtur, t\u00eb krijojn\u00eb nj\u00eb kultur\u00eb kompanie p\u00ebr t\u00eb cil\u00ebn mund t\u00eb ndihen krenar\u00eb, t\u00eb njihen m\u00eb gjer\u00ebsisht si brand dhe patjet\u00ebr t\u00eb shtojn\u00eb fitimet e tyre vjetore.<\/p>\n<p>Ne ofrojm\u00eb sh\u00ebrbime t\u00eb nj\u00eb niveli t\u00eb lart\u00eb, dhe programe trajnimi n\u00eb fush\u00ebn e hospitalitetit, q\u00eb kan\u00eb t\u00eb b\u00ebjn\u00eb me \u00e7do gj\u00eb, nga konceptimi i identitetit t\u00eb kompanis\u00eb suaj, tek nd\u00ebrtimi i struktur\u00ebs dhe kost kontrollit q\u00eb i p\u00ebrshtatet modelit tuaj t\u00eb biznesit.<\/p>\n<p>Programet tona t\u00eb trajnimit n\u00eb fush\u00ebn e hospitalitetit jan\u00eb krijuar p\u00ebr t&#8217;iu p\u00ebrshtatur t\u00eb gjitha llojeve t\u00eb bizneseve, duke filluar nga agrobizneset e deri te kompanit\u00eb nd\u00ebrkomb\u00ebtare.[\/vc_column_text]<div class=\"row thumbs\">\n                        <div class=\"col-lg-6 col-md-6\">\n                            <img decoding=\"async\" src=\"https:\/\/www.zerohmt.com\/wp-content\/uploads\/2022\/01\/All-inclusive-hospitality-management-solutions-Zero-Hmt.jpg\" alt=\"Thumb\">\n                        <\/div>\n                        <div class=\"col-lg-6 col-md-6\">\n                            <img decoding=\"async\" src=\"https:\/\/www.zerohmt.com\/wp-content\/uploads\/2022\/01\/All-inclusive-hospitality-management-Zerohmt.jpg\" alt=\"Thumb\">\n                        <\/div>\n                    <\/div>\n                <\/div><div class=\"col-lg-4 sidebar\">\n                    <div class=\"sidebar-item link\">\n                        <ul>[vc_wp_custommenu nav_menu=&#8221;38&#8243; el_class=&#8221;single-serv-sidebar-menu&#8221;]<\/ul>\n                    <\/div> <div class=\"sidebar-item banner\">\n                        <div class=\"thumb\">\n                            <img decoding=\"async\" src=\"https:\/\/www.zerohmt.com\/wp-content\/uploads\/2022\/01\/Have-Additional-Questions-zerohmt.jpg\" alt=\"Thumb\">\n                            <div class=\"content\">\n                                <h5>Keni pyetje t\u00eb m\u00ebtejshme?<\/h5>\n                                <h3><i class=\"fas fa-phone\"><\/i> +355 69 303 3336<\/h3>\n                            <\/div>\n                        <\/div>\n                    <\/div><\/div>\n            <\/div>\n        <\/div>\n    <\/div>\n    <!-- End Services Details -->[\/vc_column][\/vc_row][vc_row parallax=&#8221;content-moving&#8221; parallax_image=&#8221;1387&#8243; parallax_speed_bg=&#8221;2&#8243; css=&#8221;.vc_custom_1643198539624{padding-top: 90px !important;padding-bottom: 90px !important;}&#8221;][vc_column][vc_row_inner equal_height=&#8221;yes&#8221; content_placement=&#8221;middle&#8221; el_class=&#8221;container cta-cus&#8221;][vc_column_inner width=&#8221;2\/3&#8243;][vc_custom_heading text=&#8221;Suport p\u00ebr klient\u00ebt 24\/7&#8243; font_container=&#8221;tag:p|font_size:30px|text_align:left|color:%23ffffff|line_height:35px&#8221; use_theme_fonts=&#8221;yes&#8221;][vc_column_text]<span style=\"color: #ffffff;\">P\u00ebr pyetje ose m\u00eb shum\u00eb informacion mbi programet tona t\u00eb trajnimit, ju lutemi lidhuni me ekipin ton\u00eb t\u00eb suportit t\u00eb klientit n\u00eb \u00e7do koh\u00eb. Ne jemi gjithmon\u00eb n\u00eb dispozicion p\u00ebr t\u00eb folur. <\/span>[\/vc_column_text][\/vc_column_inner][vc_column_inner width=&#8221;1\/3&#8243;][vc_btn title=&#8221;Na kontaktoni tani!&#8221; style=&#8221;custom&#8221; custom_background=&#8221;#ffffff&#8221; custom_text=&#8221;#222222&#8243; shape=&#8221;round&#8221; align=&#8221;center&#8221; link=&#8221;url:tel%3A%2B355693033336&#8243; el_class=&#8221;cta-btn&#8221;][\/vc_column_inner][\/vc_row_inner][\/vc_column][\/vc_row]<\/p>\n","protected":false},"excerpt":{"rendered":"<p>[vc_row][vc_column][vc_custom_heading text=&#8221;Zgjidhja m\u00eb e mir\u00eb p\u00ebr menaxhimin n\u00eb fush\u00ebn e hospitalitetit&#8221; font_container=&#8221;tag:h1|font_size:35px|text_align:left|line_height:43px&#8221; use_theme_fonts=&#8221;yes&#8221; el_class=&#8221;single-serv-title&#8221;][vc_column_text css=&#8221;.vc_custom_1645549190581{margin-bottom: 25px !important;}&#8221;]Zero HMT \u00ebsht\u00eb nj\u00eb kompani konsulence n\u00eb fush\u00ebn e hospitalitetit q\u00eb synon t\u00eb ndihmoj\u00eb bizneset e m\u00ebdha dhe t\u00eb vogla t\u00eb arrijn\u00eb jo vet\u00ebm nj\u00eb standard m\u00eb t\u00eb lart\u00eb n\u00eb k\u00ebt\u00eb industri, por edhe t\u00eb nd\u00ebrtojn\u00eb nj\u00eb ekip m\u00eb [&hellip;]<\/p>\n","protected":false},"author":1,"featured_media":1621,"parent":0,"menu_order":0,"comment_status":"closed","ping_status":"closed","template":"page-templates\/pages.php","meta":{"footnotes":""},"class_list":["post-1619","page","type-page","status-publish","has-post-thumbnail","hentry"],"yoast_head":"<!-- This site is optimized with the Yoast SEO plugin v27.2 - https:\/\/yoast.com\/product\/yoast-seo-wordpress\/ -->\n<title>Hospitality Management | Programet m\u00eb t\u00eb Mira t\u00eb Trajnimit | Zero HMT<\/title>\n<meta name=\"description\" content=\"Doni t\u00eb arrini nj\u00eb nivel t\u00eb lart\u00eb sherbimi q\u00eb do ju diferencoj\u00eb n\u00eb fushen e hospitalitetit? Ndiqni kurset tona n\u00eb Zero HMT p\u00ebr t\u00eb q\u00ebn\u00eb m\u00eb t\u00eb mir\u00ebt n\u00eb treg.\" \/>\n<meta name=\"robots\" content=\"index, follow, max-snippet:-1, max-image-preview:large, max-video-preview:-1\" \/>\n<link rel=\"canonical\" href=\"https:\/\/www.zerohmt.com\/sq\/programe-trajnimi-menaxhimi-ne-hospitalitet\/\" \/>\n<meta property=\"og:locale\" content=\"sq_AL\" \/>\n<meta property=\"og:type\" content=\"article\" \/>\n<meta property=\"og:title\" content=\"Hospitality Management Solutions | Best Training Programs | Zero HMT\" \/>\n<meta property=\"og:description\" content=\"Achieve next level hospitality services through the masterful training programs at Zero HMT. Learn more about our hospitality consulting services on our site.\" \/>\n<meta property=\"og:url\" content=\"https:\/\/www.zerohmt.com\/sq\/programe-trajnimi-menaxhimi-ne-hospitalitet\/\" \/>\n<meta property=\"og:site_name\" content=\"Zero Hmt\" \/>\n<meta property=\"article:modified_time\" content=\"2022-02-28T17:42:13+00:00\" \/>\n<meta property=\"og:image\" content=\"https:\/\/www.zerohmt.com\/wp-content\/uploads\/2022\/01\/Hospitality-Management-Solutions-Zerohmt.jpg\" \/>\n\t<meta property=\"og:image:width\" content=\"1920\" \/>\n\t<meta property=\"og:image:height\" content=\"1057\" \/>\n\t<meta property=\"og:image:type\" content=\"image\/jpeg\" \/>\n<meta name=\"twitter:card\" content=\"summary_large_image\" \/>\n<meta name=\"twitter:title\" content=\"Hospitality Management Solutions | Best Training Programs | Zero HMT\" \/>\n<meta name=\"twitter:description\" content=\"Achieve next level hospitality services through the masterful training programs at Zero HMT. Learn more about our hospitality consulting services on our site.\" \/>\n<meta name=\"twitter:label1\" content=\"Est. reading time\" \/>\n\t<meta name=\"twitter:data1\" content=\"2 minutes\" \/>\n<script type=\"application\/ld+json\" class=\"yoast-schema-graph\">{\"@context\":\"https:\/\/schema.org\",\"@graph\":[{\"@type\":\"WebPage\",\"@id\":\"https:\/\/www.zerohmt.com\/sq\/programe-trajnimi-menaxhimi-ne-hospitalitet\/\",\"url\":\"https:\/\/www.zerohmt.com\/sq\/programe-trajnimi-menaxhimi-ne-hospitalitet\/\",\"name\":\"Hospitality Management | Programet m\u00eb t\u00eb Mira t\u00eb Trajnimit | Zero HMT\",\"isPartOf\":{\"@id\":\"https:\/\/www.zerohmt.com\/#website\"},\"primaryImageOfPage\":{\"@id\":\"https:\/\/www.zerohmt.com\/sq\/programe-trajnimi-menaxhimi-ne-hospitalitet\/#primaryimage\"},\"image\":{\"@id\":\"https:\/\/www.zerohmt.com\/sq\/programe-trajnimi-menaxhimi-ne-hospitalitet\/#primaryimage\"},\"thumbnailUrl\":\"https:\/\/www.zerohmt.com\/wp-content\/uploads\/2022\/01\/Hospitality-Management-Solutions-Zerohmt.jpg\",\"datePublished\":\"2021-01-29T13:59:06+00:00\",\"dateModified\":\"2022-02-28T17:42:13+00:00\",\"description\":\"Doni t\u00eb arrini nj\u00eb nivel t\u00eb lart\u00eb sherbimi q\u00eb do ju diferencoj\u00eb n\u00eb fushen e hospitalitetit? Ndiqni kurset tona n\u00eb Zero HMT p\u00ebr t\u00eb q\u00ebn\u00eb m\u00eb t\u00eb mir\u00ebt n\u00eb treg.\",\"breadcrumb\":{\"@id\":\"https:\/\/www.zerohmt.com\/sq\/programe-trajnimi-menaxhimi-ne-hospitalitet\/#breadcrumb\"},\"inLanguage\":\"sq-AL\",\"potentialAction\":[{\"@type\":\"ReadAction\",\"target\":[\"https:\/\/www.zerohmt.com\/sq\/programe-trajnimi-menaxhimi-ne-hospitalitet\/\"]}]},{\"@type\":\"ImageObject\",\"inLanguage\":\"sq-AL\",\"@id\":\"https:\/\/www.zerohmt.com\/sq\/programe-trajnimi-menaxhimi-ne-hospitalitet\/#primaryimage\",\"url\":\"https:\/\/www.zerohmt.com\/wp-content\/uploads\/2022\/01\/Hospitality-Management-Solutions-Zerohmt.jpg\",\"contentUrl\":\"https:\/\/www.zerohmt.com\/wp-content\/uploads\/2022\/01\/Hospitality-Management-Solutions-Zerohmt.jpg\",\"width\":1920,\"height\":1057},{\"@type\":\"BreadcrumbList\",\"@id\":\"https:\/\/www.zerohmt.com\/sq\/programe-trajnimi-menaxhimi-ne-hospitalitet\/#breadcrumb\",\"itemListElement\":[{\"@type\":\"ListItem\",\"position\":1,\"name\":\"Home\",\"item\":\"https:\/\/www.zerohmt.com\/sq\/\"},{\"@type\":\"ListItem\",\"position\":2,\"name\":\"Programe trajnimi menaxhimi n\u00eb hospitalitet\"}]},{\"@type\":\"WebSite\",\"@id\":\"https:\/\/www.zerohmt.com\/#website\",\"url\":\"https:\/\/www.zerohmt.com\/\",\"name\":\"Zero Hmt\",\"description\":\"My WordPress Blog\",\"potentialAction\":[{\"@type\":\"SearchAction\",\"target\":{\"@type\":\"EntryPoint\",\"urlTemplate\":\"https:\/\/www.zerohmt.com\/?s={search_term_string}\"},\"query-input\":{\"@type\":\"PropertyValueSpecification\",\"valueRequired\":true,\"valueName\":\"search_term_string\"}}],\"inLanguage\":\"sq-AL\"}]}<\/script>\n<!-- \/ Yoast SEO plugin. -->","yoast_head_json":{"title":"Hospitality Management | Programet m\u00eb t\u00eb Mira t\u00eb Trajnimit | Zero HMT","description":"Doni t\u00eb arrini nj\u00eb nivel t\u00eb lart\u00eb sherbimi q\u00eb do ju diferencoj\u00eb n\u00eb fushen e hospitalitetit? Ndiqni kurset tona n\u00eb Zero HMT p\u00ebr t\u00eb q\u00ebn\u00eb m\u00eb t\u00eb mir\u00ebt n\u00eb treg.","robots":{"index":"index","follow":"follow","max-snippet":"max-snippet:-1","max-image-preview":"max-image-preview:large","max-video-preview":"max-video-preview:-1"},"canonical":"https:\/\/www.zerohmt.com\/sq\/programe-trajnimi-menaxhimi-ne-hospitalitet\/","og_locale":"sq_AL","og_type":"article","og_title":"Hospitality Management Solutions | Best Training Programs | Zero HMT","og_description":"Achieve next level hospitality services through the masterful training programs at Zero HMT. Learn more about our hospitality consulting services on our site.","og_url":"https:\/\/www.zerohmt.com\/sq\/programe-trajnimi-menaxhimi-ne-hospitalitet\/","og_site_name":"Zero Hmt","article_modified_time":"2022-02-28T17:42:13+00:00","og_image":[{"width":1920,"height":1057,"url":"https:\/\/www.zerohmt.com\/wp-content\/uploads\/2022\/01\/Hospitality-Management-Solutions-Zerohmt.jpg","type":"image\/jpeg"}],"twitter_card":"summary_large_image","twitter_title":"Hospitality Management Solutions | Best Training Programs | Zero HMT","twitter_description":"Achieve next level hospitality services through the masterful training programs at Zero HMT. Learn more about our hospitality consulting services on our site.","twitter_misc":{"Est. reading time":"2 minutes"},"schema":{"@context":"https:\/\/schema.org","@graph":[{"@type":"WebPage","@id":"https:\/\/www.zerohmt.com\/sq\/programe-trajnimi-menaxhimi-ne-hospitalitet\/","url":"https:\/\/www.zerohmt.com\/sq\/programe-trajnimi-menaxhimi-ne-hospitalitet\/","name":"Hospitality Management | Programet m\u00eb t\u00eb Mira t\u00eb Trajnimit | Zero HMT","isPartOf":{"@id":"https:\/\/www.zerohmt.com\/#website"},"primaryImageOfPage":{"@id":"https:\/\/www.zerohmt.com\/sq\/programe-trajnimi-menaxhimi-ne-hospitalitet\/#primaryimage"},"image":{"@id":"https:\/\/www.zerohmt.com\/sq\/programe-trajnimi-menaxhimi-ne-hospitalitet\/#primaryimage"},"thumbnailUrl":"https:\/\/www.zerohmt.com\/wp-content\/uploads\/2022\/01\/Hospitality-Management-Solutions-Zerohmt.jpg","datePublished":"2021-01-29T13:59:06+00:00","dateModified":"2022-02-28T17:42:13+00:00","description":"Doni t\u00eb arrini nj\u00eb nivel t\u00eb lart\u00eb sherbimi q\u00eb do ju diferencoj\u00eb n\u00eb fushen e hospitalitetit? Ndiqni kurset tona n\u00eb Zero HMT p\u00ebr t\u00eb q\u00ebn\u00eb m\u00eb t\u00eb mir\u00ebt n\u00eb treg.","breadcrumb":{"@id":"https:\/\/www.zerohmt.com\/sq\/programe-trajnimi-menaxhimi-ne-hospitalitet\/#breadcrumb"},"inLanguage":"sq-AL","potentialAction":[{"@type":"ReadAction","target":["https:\/\/www.zerohmt.com\/sq\/programe-trajnimi-menaxhimi-ne-hospitalitet\/"]}]},{"@type":"ImageObject","inLanguage":"sq-AL","@id":"https:\/\/www.zerohmt.com\/sq\/programe-trajnimi-menaxhimi-ne-hospitalitet\/#primaryimage","url":"https:\/\/www.zerohmt.com\/wp-content\/uploads\/2022\/01\/Hospitality-Management-Solutions-Zerohmt.jpg","contentUrl":"https:\/\/www.zerohmt.com\/wp-content\/uploads\/2022\/01\/Hospitality-Management-Solutions-Zerohmt.jpg","width":1920,"height":1057},{"@type":"BreadcrumbList","@id":"https:\/\/www.zerohmt.com\/sq\/programe-trajnimi-menaxhimi-ne-hospitalitet\/#breadcrumb","itemListElement":[{"@type":"ListItem","position":1,"name":"Home","item":"https:\/\/www.zerohmt.com\/sq\/"},{"@type":"ListItem","position":2,"name":"Programe trajnimi menaxhimi n\u00eb hospitalitet"}]},{"@type":"WebSite","@id":"https:\/\/www.zerohmt.com\/#website","url":"https:\/\/www.zerohmt.com\/","name":"Zero Hmt","description":"My WordPress Blog","potentialAction":[{"@type":"SearchAction","target":{"@type":"EntryPoint","urlTemplate":"https:\/\/www.zerohmt.com\/?s={search_term_string}"},"query-input":{"@type":"PropertyValueSpecification","valueRequired":true,"valueName":"search_term_string"}}],"inLanguage":"sq-AL"}]}},"_links":{"self":[{"href":"https:\/\/www.zerohmt.com\/sq\/wp-json\/wp\/v2\/pages\/1619","targetHints":{"allow":["GET"]}}],"collection":[{"href":"https:\/\/www.zerohmt.com\/sq\/wp-json\/wp\/v2\/pages"}],"about":[{"href":"https:\/\/www.zerohmt.com\/sq\/wp-json\/wp\/v2\/types\/page"}],"author":[{"embeddable":true,"href":"https:\/\/www.zerohmt.com\/sq\/wp-json\/wp\/v2\/users\/1"}],"replies":[{"embeddable":true,"href":"https:\/\/www.zerohmt.com\/sq\/wp-json\/wp\/v2\/comments?post=1619"}],"version-history":[{"count":21,"href":"https:\/\/www.zerohmt.com\/sq\/wp-json\/wp\/v2\/pages\/1619\/revisions"}],"predecessor-version":[{"id":1786,"href":"https:\/\/www.zerohmt.com\/sq\/wp-json\/wp\/v2\/pages\/1619\/revisions\/1786"}],"wp:featuredmedia":[{"embeddable":true,"href":"https:\/\/www.zerohmt.com\/sq\/wp-json\/wp\/v2\/media\/1621"}],"wp:attachment":[{"href":"https:\/\/www.zerohmt.com\/sq\/wp-json\/wp\/v2\/media?parent=1619"}],"curies":[{"name":"wp","href":"https:\/\/api.w.org\/{rel}","templated":true}]}}