{"id":1616,"date":"2021-01-25T09:45:17","date_gmt":"2021-01-25T09:45:17","guid":{"rendered":"https:\/\/www.zerohmt.com\/services\/"},"modified":"2022-03-04T15:44:33","modified_gmt":"2022-03-04T15:44:33","slug":"sherbimet-tona","status":"publish","type":"page","link":"https:\/\/www.zerohmt.com\/sq\/sherbimet-tona\/","title":{"rendered":"Sh\u00ebrbimet Tona"},"content":{"rendered":"<p>[vc_row el_class=&#8221;service-page&#8221;][vc_column]<!-- Start Services \n    ============================================= -->\n    <div class=\"service-area default-padding bottom-less bg-cover\">\n        <div class=\"container\">\n            <div class=\"service-items text-center\">\n                <div class=\"row\"><!-- Single item -->\n                    <div class=\"col-lg-4 col-md-6 single-item\">\n                        <div class=\"item\">\n                            <div class=\"info\">\n                                <h4>Sh\u00ebrbime p\u00ebr menaxhim n\u00eb fush\u00ebn e hospitalitetit<\/h4>\n                                <i class=\"hosman-cus\"><\/i>\n                                <p>\n                                    Sh\u00ebrbime hospitaliteti me cil\u00ebsi t\u00eb lart\u00eb q\u00eb ofrojn\u00eb strategji t\u00eb personalizuara p\u00ebr t'iu p\u00ebrshtatur modelit t\u00eb biznesit tuaj.\n                                <\/p>\n                                <a class=\"btn-standard\" href=\"\/sq\/programe-trajnimi-menaxhimi-ne-hospitalitet\/\">M\u00eb shum\u00eb<\/a>\n                            <\/div>\n                        <\/div>\n                    <\/div>\n                    <!-- End Single item --><!-- Single item -->\n                    <div class=\"col-lg-4 col-md-6 single-item\">\n                        <div class=\"item\">\n                            <div class=\"info\">\n                                <h4>Organizim dhe menaxhim eventesh<\/h4>\n                                <i class=\"evenplan-cus\"><\/i>\n                                <p>\n                                    Organizoni evente t\u00eb paharrueshme fal\u00eb stafit ton\u00eb t\u00eb talentuar n\u00eb Zero HMT.\n                                <\/p>\n                                <a class=\"btn-standard\" href=\"\/sq\/planifikim-organizim-dhe-menaxhim-eventesh\/\">M\u00eb shum\u00eb<\/a>\n                            <\/div>\n                        <\/div>\n                    <\/div>\n                    <!-- End Single item --><!-- Single item -->\n                    <div class=\"col-lg-4 col-md-6 single-item\">\n                        <div class=\"item\">\n                            <div class=\"info\">\n                                <h4>Rekrutim dhe trajnim i burimeve njer\u00ebzore<\/h4>\n                                <i class=\"humres-cus\"><\/i>\n                                <p>\n                                    Nd\u00ebrtoni nj\u00eb ekip krijues q\u00eb \u00ebsht\u00eb i p\u00ebrkushtuar dhe absolutisht i p\u00ebrsosur p\u00ebr \u00e7do rol n\u00eb kompanin\u00eb tuaj.\n                                <\/p>\n                                <a class=\"btn-standard\" href=\"\/sq\/sherbime-konsulence-dhe-trajnimi-per-burimet-njerezore\/\">M\u00eb shum\u00eb<\/a>\n                            <\/div>\n                        <\/div>\n                    <\/div>\n                    <!-- End Single item --><!-- Single item -->\n                    <div class=\"col-lg-4 col-md-6 single-item\">\n                        <div class=\"item\">\n                            <div class=\"info\">\n                                <h4>Impementimi i standarteve \u2018Franchise\u2019<\/h4>\n                                <i class=\"franstand-cus\"><\/i>\n                                <p>\n                                    Implementoni rregullat dhe standardet nd\u00ebrkomb\u00ebtare n\u00eb kompanin\u00eb tuaj dhe zhvillojeni biznesit tuaj \u00e7do dit\u00eb e m\u00eb shum\u00eb!\n                                <\/p>\n                                <a class=\"btn-standard\" href=\"\/sq\/implementimi-i-standarteve-franchise-programe-trajnimi-dhe-menaxhimi\/\">M\u00eb shum\u00eb<\/a>\n                            <\/div>\n                        <\/div>\n                    <\/div>\n                    <!-- End Single item --><!-- Single item -->\n                    <div class=\"col-lg-4 col-md-6 single-item\">\n                        <div class=\"item\">\n                            <div class=\"info\">\n                                <h4>Nd\u00ebrtimi i menus\u00eb dhe kost kontrollit<\/h4>\n                                <i class=\"catmenu-cus\"><\/i>\n                                <p>\n                                    Krijoni nj\u00eb menu me kosto efektive p\u00ebr biznesin tuaj, q\u00eb ofron ushqim dhe sh\u00ebrbim me cil\u00ebsi t\u00eb lart\u00eb p\u00ebr klient\u00ebt tuaj.\n                                <\/p>\n                                <a class=\"btn-standard\" href=\"\/sq\/programe-trajnimi-ndertim-menu-dhe-kost-kontrolli\/\">M\u00eb shum\u00eb<\/a>\n                            <\/div>\n                        <\/div>\n                    <\/div>\n                    <!-- End Single item --><\/div>\n            <\/div>\n        <\/div>\n    <\/div>\n    <!-- End Services Area -->[\/vc_column][\/vc_row][vc_row][vc_column]<!-- Start Video Area \n    ============================================= -->\n    <div class=\"video-area extra-padding text-center default-padding faq-area bg-gray bg-fixed shadow dark text-light\" style=\"background-image: url(https:\/\/www.zerohmt.com\/wp-content\/uploads\/2022\/01\/Become-a-leader-in-the-hospitality-industry-zerohmt.jpg);\">\n        <div class=\"container\">\n            <div class=\"content\">\n                <div class=\"row\">\n                    <div class=\"col-lg-8 offset-lg-2\">\n                        <h5>Pse duhet t\u00eb na zgjidhni<\/h5>\n                        <h2>B\u00ebhuni nj\u00eb lider n\u00eb industrin\u00eb e hospitalitetit <br> dhe me Zero HMT!<\/h2>\n                        <a class=\"popup-youtube relative video-play-button\" href=\"\/portfolio\/\">\n                            <i class=\"fas fa-briefcase\"><\/i>\n                        <\/a>\n                    <\/div>\n                <\/div>\n            <\/div>\n        <\/div>\n        <!-- Fixed Shpae Bottom -->\n        <div class=\"fixed-shape-bottom\">\n            <img decoding=\"async\" src=\"https:\/\/www.zerohmt.com\/wp-content\/uploads\/2021\/01\/9.png\" alt=\"Shape\">\n        <\/div>\n        <!-- Fixed Shpae Bottom -->\n    <\/div>\n    <!-- End Video Area -->\n    <!-- Start Why Choose Us \n============================================= -->\n<div class=\"choose-us-area default-padding-bottom\">\n    <div class=\"container\">\n        <div class=\"items-box\">\n            <div class=\"row\">\n                <!-- SIngle item-->\n                <div class=\"single-item col-lg-6 col-mg-6\">\n                    <div class=\"item\">\n                        <div class=\"info\">\n                            <h4>24\/7 Suporti i klientit<\/h4>\n                            <p>\n                                Keni pyetje n\u00eb lidhje me programet tona t\u00eb trajnimit? Ju lutemi mos ngurroni t\u00eb na telefononi n\u00eb \u00e7do koh\u00eb. Suporti i klientit \u00ebsht\u00eb i gatsh\u00ebm p\u00ebr t'ju ndihmuar 24\/7.\n                            <\/p>\n                            <div class=\"call\">\n                                <div class=\"icons\">\n                                    <i class=\"fas fa-phone\"><\/i>\n                                <\/div>\n                                <div class=\"info\">\n                                    <span>Na kontaktoni<\/span> +355 69 303 3336\n                                <\/div>\n                            <\/div>\n                        <\/div>\n                    <\/div>\n                <\/div>\n                <!-- End SIngle item-->\n                                    <!-- SIngle item-->\n                <div class=\"single-item col-lg-6 col-mg-6\">\n                    <div class=\"item\">\n                        <div class=\"icon\">\n                            <i class=\"far fa-comments\"><\/i>\n                        <\/div>\n                        <div class=\"info\">\n                            <h4>Na kontaktoni<\/h4>\n                            <p>\n                                Ne jemi gjithmon\u00eb t\u00eb gatsh\u00ebm t\u00eb diskutojm\u00eb strategjit\u00eb tona dhe programet e trajnimit me ju, ndaj mos ngurroni t\u00eb na kontaktoni!\n                            <\/p>\n                            <a href=\"\/contact-us\/\" class=\"btn-more\">FILLO TANI<\/a>\n                        <\/div>\n                    <\/div>\n                <\/div>\n                <!-- End SIngle item-->\n            <\/div>\n        <\/div>\n    <\/div>\n<\/div>\n<!-- End Why Choose Us Area -->[\/vc_column][\/vc_row][vc_row][vc_column]<!-- Start Clients \n    ============================================= -->\n    <div class=\"clients-area default-padding-bottom\">\n        <div class=\"container\">\n            <div class=\"row\">\n                <div class=\"col-lg-12\">\n                    <div class=\"clients-carousel owl-carousel owl-theme\"><img decoding=\"async\" src=\"https:\/\/www.zerohmt.com\/wp-content\/uploads\/2022\/02\/monk-logo.jpg\" alt=\"Client\"><img decoding=\"async\" src=\"https:\/\/www.zerohmt.com\/wp-content\/uploads\/2022\/02\/mayfair-logo.jpg\" alt=\"Client\"><img decoding=\"async\" src=\"https:\/\/www.zerohmt.com\/wp-content\/uploads\/2022\/02\/mammarosa-logo.jpg\" alt=\"Client\"><img decoding=\"async\" src=\"https:\/\/www.zerohmt.com\/wp-content\/uploads\/2022\/02\/amazonic-logo.jpg\" alt=\"Client\"><\/div>\n                <\/div>\n            <\/div>\n        <\/div>\n    <\/div>\n    <!-- End Clients Area -->[\/vc_column][\/vc_row]<\/p>\n","protected":false},"excerpt":{"rendered":"<p>[vc_row el_class=&#8221;service-page&#8221;][vc_column][\/vc_column][\/vc_row][vc_row][vc_column][\/vc_column][\/vc_row][vc_row][vc_column][\/vc_column][\/vc_row]<\/p>\n","protected":false},"author":1,"featured_media":1617,"parent":0,"menu_order":0,"comment_status":"closed","ping_status":"closed","template":"page-templates\/pages.php","meta":{"footnotes":""},"class_list":["post-1616","page","type-page","status-publish","has-post-thumbnail","hentry"],"yoast_head":"<!-- This site is optimized with the Yoast SEO plugin v27.2 - https:\/\/yoast.com\/product\/yoast-seo-wordpress\/ -->\n<title>Sh\u00ebrbimet Tona | Zero HMT<\/title>\n<meta name=\"description\" content=\"Zero HMT \u00ebsht\u00eb nj\u00eb lider n\u00eb fush\u00ebn e hospitalitetit, duke ofruar gjith\u00ebmon\u00eb sh\u00ebrbimet dhe zgjidhjet m\u00eb bashk\u00ebkohore p\u00ebr kompanin\u00eb tuaj. Na kontaktoni!\" \/>\n<meta name=\"robots\" content=\"index, follow, max-snippet:-1, max-image-preview:large, max-video-preview:-1\" \/>\n<link rel=\"canonical\" href=\"https:\/\/www.zerohmt.com\/sq\/sherbimet-tona\/\" \/>\n<meta property=\"og:locale\" content=\"sq_AL\" \/>\n<meta property=\"og:type\" content=\"article\" \/>\n<meta property=\"og:title\" content=\"Sh\u00ebrbimet Tona | Zero HMT\" \/>\n<meta property=\"og:description\" content=\"Zero HMT \u00ebsht\u00eb nj\u00eb lider n\u00eb fush\u00ebn e hospitalitetit, duke ofruar gjith\u00ebmon\u00eb sh\u00ebrbimet dhe zgjidhjet m\u00eb bashk\u00ebkohore p\u00ebr kompanin\u00eb tuaj. Na kontaktoni!\" \/>\n<meta property=\"og:url\" content=\"https:\/\/www.zerohmt.com\/sq\/sherbimet-tona\/\" \/>\n<meta property=\"og:site_name\" content=\"Zero Hmt\" \/>\n<meta property=\"article:modified_time\" content=\"2022-03-04T15:44:33+00:00\" \/>\n<meta property=\"og:image\" content=\"https:\/\/www.zerohmt.com\/wp-content\/uploads\/2022\/01\/service-zerohmt.jpg\" \/>\n\t<meta property=\"og:image:width\" content=\"1920\" \/>\n\t<meta property=\"og:image:height\" content=\"808\" \/>\n\t<meta property=\"og:image:type\" content=\"image\/jpeg\" \/>\n<meta name=\"twitter:card\" content=\"summary_large_image\" \/>\n<meta name=\"twitter:label1\" content=\"Est. reading time\" \/>\n\t<meta name=\"twitter:data1\" content=\"2 minutes\" \/>\n<script type=\"application\/ld+json\" class=\"yoast-schema-graph\">{\"@context\":\"https:\/\/schema.org\",\"@graph\":[{\"@type\":\"WebPage\",\"@id\":\"https:\/\/www.zerohmt.com\/sq\/sherbimet-tona\/\",\"url\":\"https:\/\/www.zerohmt.com\/sq\/sherbimet-tona\/\",\"name\":\"Sh\u00ebrbimet Tona | Zero HMT\",\"isPartOf\":{\"@id\":\"https:\/\/www.zerohmt.com\/#website\"},\"primaryImageOfPage\":{\"@id\":\"https:\/\/www.zerohmt.com\/sq\/sherbimet-tona\/#primaryimage\"},\"image\":{\"@id\":\"https:\/\/www.zerohmt.com\/sq\/sherbimet-tona\/#primaryimage\"},\"thumbnailUrl\":\"https:\/\/www.zerohmt.com\/wp-content\/uploads\/2022\/01\/service-zerohmt.jpg\",\"datePublished\":\"2021-01-25T09:45:17+00:00\",\"dateModified\":\"2022-03-04T15:44:33+00:00\",\"description\":\"Zero HMT \u00ebsht\u00eb nj\u00eb lider n\u00eb fush\u00ebn e hospitalitetit, duke ofruar gjith\u00ebmon\u00eb sh\u00ebrbimet dhe zgjidhjet m\u00eb bashk\u00ebkohore p\u00ebr kompanin\u00eb tuaj. Na kontaktoni!\",\"breadcrumb\":{\"@id\":\"https:\/\/www.zerohmt.com\/sq\/sherbimet-tona\/#breadcrumb\"},\"inLanguage\":\"sq-AL\",\"potentialAction\":[{\"@type\":\"ReadAction\",\"target\":[\"https:\/\/www.zerohmt.com\/sq\/sherbimet-tona\/\"]}]},{\"@type\":\"ImageObject\",\"inLanguage\":\"sq-AL\",\"@id\":\"https:\/\/www.zerohmt.com\/sq\/sherbimet-tona\/#primaryimage\",\"url\":\"https:\/\/www.zerohmt.com\/wp-content\/uploads\/2022\/01\/service-zerohmt.jpg\",\"contentUrl\":\"https:\/\/www.zerohmt.com\/wp-content\/uploads\/2022\/01\/service-zerohmt.jpg\",\"width\":1920,\"height\":808},{\"@type\":\"BreadcrumbList\",\"@id\":\"https:\/\/www.zerohmt.com\/sq\/sherbimet-tona\/#breadcrumb\",\"itemListElement\":[{\"@type\":\"ListItem\",\"position\":1,\"name\":\"Home\",\"item\":\"https:\/\/www.zerohmt.com\/sq\/\"},{\"@type\":\"ListItem\",\"position\":2,\"name\":\"Sh\u00ebrbimet Tona\"}]},{\"@type\":\"WebSite\",\"@id\":\"https:\/\/www.zerohmt.com\/#website\",\"url\":\"https:\/\/www.zerohmt.com\/\",\"name\":\"Zero Hmt\",\"description\":\"My WordPress Blog\",\"potentialAction\":[{\"@type\":\"SearchAction\",\"target\":{\"@type\":\"EntryPoint\",\"urlTemplate\":\"https:\/\/www.zerohmt.com\/?s={search_term_string}\"},\"query-input\":{\"@type\":\"PropertyValueSpecification\",\"valueRequired\":true,\"valueName\":\"search_term_string\"}}],\"inLanguage\":\"sq-AL\"}]}<\/script>\n<!-- \/ Yoast SEO plugin. -->","yoast_head_json":{"title":"Sh\u00ebrbimet Tona | Zero HMT","description":"Zero HMT \u00ebsht\u00eb nj\u00eb lider n\u00eb fush\u00ebn e hospitalitetit, duke ofruar gjith\u00ebmon\u00eb sh\u00ebrbimet dhe zgjidhjet m\u00eb bashk\u00ebkohore p\u00ebr kompanin\u00eb tuaj. Na kontaktoni!","robots":{"index":"index","follow":"follow","max-snippet":"max-snippet:-1","max-image-preview":"max-image-preview:large","max-video-preview":"max-video-preview:-1"},"canonical":"https:\/\/www.zerohmt.com\/sq\/sherbimet-tona\/","og_locale":"sq_AL","og_type":"article","og_title":"Sh\u00ebrbimet Tona | Zero HMT","og_description":"Zero HMT \u00ebsht\u00eb nj\u00eb lider n\u00eb fush\u00ebn e hospitalitetit, duke ofruar gjith\u00ebmon\u00eb sh\u00ebrbimet dhe zgjidhjet m\u00eb bashk\u00ebkohore p\u00ebr kompanin\u00eb tuaj. Na kontaktoni!","og_url":"https:\/\/www.zerohmt.com\/sq\/sherbimet-tona\/","og_site_name":"Zero Hmt","article_modified_time":"2022-03-04T15:44:33+00:00","og_image":[{"width":1920,"height":808,"url":"https:\/\/www.zerohmt.com\/wp-content\/uploads\/2022\/01\/service-zerohmt.jpg","type":"image\/jpeg"}],"twitter_card":"summary_large_image","twitter_misc":{"Est. reading time":"2 minutes"},"schema":{"@context":"https:\/\/schema.org","@graph":[{"@type":"WebPage","@id":"https:\/\/www.zerohmt.com\/sq\/sherbimet-tona\/","url":"https:\/\/www.zerohmt.com\/sq\/sherbimet-tona\/","name":"Sh\u00ebrbimet Tona | Zero HMT","isPartOf":{"@id":"https:\/\/www.zerohmt.com\/#website"},"primaryImageOfPage":{"@id":"https:\/\/www.zerohmt.com\/sq\/sherbimet-tona\/#primaryimage"},"image":{"@id":"https:\/\/www.zerohmt.com\/sq\/sherbimet-tona\/#primaryimage"},"thumbnailUrl":"https:\/\/www.zerohmt.com\/wp-content\/uploads\/2022\/01\/service-zerohmt.jpg","datePublished":"2021-01-25T09:45:17+00:00","dateModified":"2022-03-04T15:44:33+00:00","description":"Zero HMT \u00ebsht\u00eb nj\u00eb lider n\u00eb fush\u00ebn e hospitalitetit, duke ofruar gjith\u00ebmon\u00eb sh\u00ebrbimet dhe zgjidhjet m\u00eb bashk\u00ebkohore p\u00ebr kompanin\u00eb tuaj. Na kontaktoni!","breadcrumb":{"@id":"https:\/\/www.zerohmt.com\/sq\/sherbimet-tona\/#breadcrumb"},"inLanguage":"sq-AL","potentialAction":[{"@type":"ReadAction","target":["https:\/\/www.zerohmt.com\/sq\/sherbimet-tona\/"]}]},{"@type":"ImageObject","inLanguage":"sq-AL","@id":"https:\/\/www.zerohmt.com\/sq\/sherbimet-tona\/#primaryimage","url":"https:\/\/www.zerohmt.com\/wp-content\/uploads\/2022\/01\/service-zerohmt.jpg","contentUrl":"https:\/\/www.zerohmt.com\/wp-content\/uploads\/2022\/01\/service-zerohmt.jpg","width":1920,"height":808},{"@type":"BreadcrumbList","@id":"https:\/\/www.zerohmt.com\/sq\/sherbimet-tona\/#breadcrumb","itemListElement":[{"@type":"ListItem","position":1,"name":"Home","item":"https:\/\/www.zerohmt.com\/sq\/"},{"@type":"ListItem","position":2,"name":"Sh\u00ebrbimet Tona"}]},{"@type":"WebSite","@id":"https:\/\/www.zerohmt.com\/#website","url":"https:\/\/www.zerohmt.com\/","name":"Zero Hmt","description":"My WordPress Blog","potentialAction":[{"@type":"SearchAction","target":{"@type":"EntryPoint","urlTemplate":"https:\/\/www.zerohmt.com\/?s={search_term_string}"},"query-input":{"@type":"PropertyValueSpecification","valueRequired":true,"valueName":"search_term_string"}}],"inLanguage":"sq-AL"}]}},"_links":{"self":[{"href":"https:\/\/www.zerohmt.com\/sq\/wp-json\/wp\/v2\/pages\/1616","targetHints":{"allow":["GET"]}}],"collection":[{"href":"https:\/\/www.zerohmt.com\/sq\/wp-json\/wp\/v2\/pages"}],"about":[{"href":"https:\/\/www.zerohmt.com\/sq\/wp-json\/wp\/v2\/types\/page"}],"author":[{"embeddable":true,"href":"https:\/\/www.zerohmt.com\/sq\/wp-json\/wp\/v2\/users\/1"}],"replies":[{"embeddable":true,"href":"https:\/\/www.zerohmt.com\/sq\/wp-json\/wp\/v2\/comments?post=1616"}],"version-history":[{"count":18,"href":"https:\/\/www.zerohmt.com\/sq\/wp-json\/wp\/v2\/pages\/1616\/revisions"}],"predecessor-version":[{"id":1896,"href":"https:\/\/www.zerohmt.com\/sq\/wp-json\/wp\/v2\/pages\/1616\/revisions\/1896"}],"wp:featuredmedia":[{"embeddable":true,"href":"https:\/\/www.zerohmt.com\/sq\/wp-json\/wp\/v2\/media\/1617"}],"wp:attachment":[{"href":"https:\/\/www.zerohmt.com\/sq\/wp-json\/wp\/v2\/media?parent=1616"}],"curies":[{"name":"wp","href":"https:\/\/api.w.org\/{rel}","templated":true}]}}