{"id":1610,"date":"2021-01-22T14:48:08","date_gmt":"2021-01-22T14:48:08","guid":{"rendered":"https:\/\/www.zerohmt.com\/about-us\/"},"modified":"2022-03-04T13:18:49","modified_gmt":"2022-03-04T13:18:49","slug":"rreth-nesh","status":"publish","type":"page","link":"https:\/\/www.zerohmt.com\/sq\/rreth-nesh\/","title":{"rendered":"Rreth nesh"},"content":{"rendered":"<p>[vc_row][vc_column]<!-- Star About Area\n    ============================================= -->\n    <div class=\"about-area faq-area inc-shape default-padding\">\n        <div class=\"container\">\n            <div class=\"row\">\n                <div class=\"col-lg-6\">\n                    <div class=\"thumb\"> \n                    <img decoding=\"async\" src=\"https:\/\/www.zerohmt.com\/wp-content\/uploads\/2022\/01\/We-help-you-achieve-excellence-in-hospitality.jpg\" alt=\"Thumb\">\n                    <img decoding=\"async\" src=\"https:\/\/www.zerohmt.com\/wp-content\/uploads\/2022\/01\/We-help-you-achieve-excellence-in-hospitality-Zerohmt.jpg\" alt=\"Thumb\">\n                    <div class=\"overlay\">\n                        <div class=\"content\">\n                            <h4>2 Vite Eksperienc\u00eb<\/h4>\n                        <\/div>\n                    <\/div>\n                <\/div>\n            <\/div>\n            <div class=\"col-lg-5 offset-lg-1 info\">\n                <h2>Ne ju ndihmojm\u00eb t\u00eb arrini ekselenc\u00eb n\u00eb fush\u00ebn e hospitalitetit!<\/h2>\n                <p>\n                    Zero HMT u krijua n\u00eb vitin 2020 nga nj\u00eb grup ekspert\u00ebsh n\u00eb fush\u00ebn e hospitalitetit. Me synimin p\u00ebr t\u00eb ofruar sh\u00ebrbim me cil\u00ebsi t\u00eb lart\u00eb p\u00ebr publikun dhe p\u00ebr t\u00eb krijuar nj\u00eb nivel t\u00eb ri p\u00ebrsosm\u00ebrie n\u00eb hospitalitet, Zero HMT hartoi nj\u00eb program trajnimi gjith\u00ebp\u00ebrfshir\u00ebs q\u00eb mbulon \u00e7\u00ebshtjet e p\u00ebrgjithshme t\u00eb menaxhimit t\u00eb hospitalitetit, burimet njer\u00ebzore, eventet, menut\u00eb dhe m\u00eb shum\u00eb.<br \/>\nQ\u00ebllimi yn\u00eb \u00ebsht\u00eb t'ju ndihmojm\u00eb t\u00eb ofroni sh\u00ebrbimin m\u00eb t\u00eb mir\u00eb t\u00eb mundsh\u00ebm, t\u00eb njiheni sa m\u00eb shum\u00eb n\u00eb rang komb\u00ebtar dhe nd\u00ebrkomb\u00ebtar, t\u00eb rrisni klientel\u00ebn tuaj dhe t\u00eb arrini m\u00eb tep\u00ebr sukses.<br \/>\nStafi yn\u00eb \u00ebsht\u00eb p\u00ebrzgjedhur me kujdes p\u00ebr t\u00eb ofruar p\u00ebrvoj\u00ebn m\u00eb t\u00eb mir\u00eb n\u00eb \u00e7do fush\u00eb t\u00eb k\u00ebsaj industrie, nga ushqimi deri te menaxhimi i kostos. P\u00ebrve\u00e7 k\u00ebsaj, ne p\u00ebrdorim standardet m\u00eb t\u00eb fundit t\u00eb miratuara globalisht p\u00ebr t\u00eb ofruar nj\u00eb cil\u00ebsi t\u00eb padiskutueshme. \n                <\/p>\n                <div class=\"faq-content accordion\" id=\"accordionExample\"><\/div>\n                    <\/div>\n\n            <\/div>\n        <\/div>\n    <\/div>\n    <!-- End About Area -->[\/vc_column][\/vc_row][vc_row][vc_column]<!-- Start Works About \n    ============================================= -->\n    <div class=\"works-about-area overflow-hidden\">\n        <div class=\"container\">\n            <div class=\"works-about-items default-padding\">\n                <div class=\"row align-center\">\n                    <div class=\"col-lg-6 info\">\n                        <h5>Fusha jon\u00eb<\/h5>\n                        <h2>Pse duhet t\u00eb na zgjidhni ne<br><\/h2>\n                        <p>\n                             Industria e hospitalitetit \u00ebsht\u00eb mjaft aktive dhe ndryshon \u00e7do dit\u00eb. \u00cbsht\u00eb nj\u00eb nga fushat m\u00eb dinamike q\u00eb ekziston dhe k\u00ebrkon v\u00ebmendje t\u00eb vazhdueshme n\u00eb \u00e7do detaj. N\u00ebse vet\u00ebm nj\u00eb pjat\u00eb ushqimi del e pagatuar mir\u00eb, apo nj\u00eb dhom\u00eb mbetet e papast\u00ebr, kjo mund t\u00eb d\u00ebmtoj\u00eb shum\u00eb reputacionin e biznesit tuaj. Monitorimi i \u00e7do detaji mund t\u00eb b\u00ebhet rraskapit\u00ebs, dhe l\u00eb hap\u00ebsir\u00eb p\u00ebr gabime. Por k\u00ebtu ju vjen n\u00eb ndihm\u00eb ekspertiza jon\u00eb.<br \/>\nKurset tona t\u00eb hospitalitetit mund t'ju m\u00ebsojn\u00eb se cilit sektor t\u00eb biznesit tuaj duhet t'i kushtoni m\u00eb shum\u00eb v\u00ebmendje dhe si t\u00eb punoni n\u00eb m\u00ebnyr\u00ebn m\u00eb efikase. P\u00ebrve\u00e7 k\u00ebsaj, programet tona do t'ju ndihmojn\u00eb t\u00eb ofroni nj\u00eb sh\u00ebrbim me cil\u00ebsi t\u00eb lart\u00eb, t\u00eb p\u00ebrmir\u00ebsoni reputacionin tuaj, t\u00eb rrisni klientel\u00ebn tuaj dhe t\u00eb fitoni t\u00eb ardhura m\u00eb t\u00eb k\u00ebnaqshme. \n                        <\/p>\n                        <ul>\n                            <li>\n                                <h5>100% klientel\u00eb e k\u00ebnaqur<\/h5>\n                            <\/li>\n                            <li>\n                                <h5>Kompani e rangut bot\u00ebror<\/h5>\n                            <\/li>\n                        <\/ul><a href=\"\/sq\/portfolio\/\" class=\"btn btn-theme effect btn-sm\">Projekte t\u00eb kompletuara<\/a><\/div>\n                    <div class=\"col-lg-6\">\n                        <div class=\"thumb\">\n                            <img decoding=\"async\" src=\"https:\/\/www.zerohmt.com\/wp-content\/uploads\/2022\/01\/Why-choose-us-Zerohmt.jpg\" alt=\"Thumb\">\n                            <div class=\"fun-fact\">\n                                <div class=\"timer\" data-to=\"875\" data-speed=\"5000\"><\/div>\n                                <span class=\"medium\">Projekte t\u00eb kompletuara<\/span>\n                            <\/div>\n                        <\/div>\n                    <\/div>\n                <\/div>\n            <\/div>\n        <\/div>\n    <\/div>\n    <!-- End Works About Area -->[\/vc_column][\/vc_row][vc_row el_class=&#8221;work-sec&#8221;][vc_column]<!-- Start Work Process \n============================================= -->\n<div class=\"work-process-area overflow-hidden default-padding bottom-less\">\n    <div class=\"container\">\n        <div class=\"row\">\n            <div class=\"col-lg-8 offset-lg-2\">\n                <div class=\"site-heading text-center\">\n                    <h4>PRO\u00c7ESI<\/h4>\n                    <h2>Si punojm\u00eb ne<\/h2>\n                <\/div>\n            <\/div>\n        <\/div>\n    <\/div>\n    <div class=\"container-full\">\n        <div class=\"work-pro-items\">\n            <div class=\"row\"><!-- Single Item -->\n                    <div class=\"single-item col-lg-3 col-md-6\">\n                        <div class=\"item\">\n                            <div class=\"item-inner\">\n                                <div class=\"icon\">\n                                    <i class=\"chooss-cus\"><\/i>\n                                    <span>01<\/span>\n                                <\/div>\n                                <h5>Zgjidhni nj\u00eb sh\u00ebrbim<\/h5>\n                                <p>\n                                    Zgjidhni nj\u00eb nga programet tona gjith\u00ebp\u00ebrfshir\u00ebse t\u00eb menaxhimit q\u00eb t\u2019i vini n\u00eb ndihm\u00eb m\u00eb s\u00eb miri biznesit tuaj.\n                                <\/p>\n                            <\/div>\n                        <\/div>\n                    <\/div>\n                    <!-- End Single Item --><!-- Single Item -->\n                    <div class=\"single-item col-lg-3 col-md-6\">\n                        <div class=\"item\">\n                            <div class=\"item-inner\">\n                                <div class=\"icon\">\n                                    <i class=\"contus-cus\"><\/i>\n                                    <span>02<\/span>\n                                <\/div>\n                                <h5>Na kontaktoni<\/h5>\n                                <p>\n                                    Na tregoni p\u00ebr kompanin\u00eb tuaj dhe at\u00eb q\u00eb d\u00ebshironi e prisni t\u00eb arrini nga ky program.\n                                <\/p>\n                            <\/div>\n                        <\/div>\n                    <\/div>\n                    <!-- End Single Item --><!-- Single Item -->\n                    <div class=\"single-item col-lg-3 col-md-6\">\n                        <div class=\"item\">\n                            <div class=\"item-inner\">\n                                <div class=\"icon\">\n                                    <i class=\"recinf-cus\"><\/i>\n                                    <span>04<\/span>\n                                <\/div>\n                                <h5>Merrni informacionin e duhur nga ne<\/h5>\n                                <p>\n                                    Merrni propozimin ton\u00eb t\u00eb detajuar p\u00ebr programin, i cili p\u00ebrfshin p\u00ebrshkrimin e hapave.\n                                <\/p>\n                            <\/div>\n                        <\/div>\n                    <\/div>\n                    <!-- End Single Item --><!-- Single Item -->\n                    <div class=\"single-item col-lg-3 col-md-6\">\n                        <div class=\"item\">\n                            <div class=\"item-inner\">\n                                <div class=\"icon\">\n                                    <i class=\"lemaha-cus\"><\/i>\n                                    <span>03<\/span>\n                                <\/div>\n                                <h5>Le t\u2019i futemi pun\u00ebs<\/h5>\n                                <p>\n                                    Caktojm\u00eb nj\u00eb takim p\u00ebr t\u00eb diskutuar zbatimin e programit ton\u00eb dhe si t\u00eb fillojm\u00eb sa m\u00eb par\u00eb procesin e p\u00ebrmir\u00ebsimit t\u00eb biznesit tuaj.\n                                <\/p>\n                            <\/div>\n                        <\/div>\n                    <\/div>\n                    <!-- End Single Item --> <\/div>\n            <\/div>\n        <\/div>\n    <\/div>\n    <!-- End Work Process Area -->[\/vc_column][\/vc_row]<\/p>\n","protected":false},"excerpt":{"rendered":"<p>[vc_row][vc_column][\/vc_column][\/vc_row][vc_row][vc_column][\/vc_column][\/vc_row][vc_row el_class=&#8221;work-sec&#8221;][vc_column][\/vc_column][\/vc_row]<\/p>\n","protected":false},"author":1,"featured_media":1612,"parent":0,"menu_order":0,"comment_status":"closed","ping_status":"closed","template":"page-templates\/pages.php","meta":{"footnotes":""},"class_list":["post-1610","page","type-page","status-publish","has-post-thumbnail","hentry"],"yoast_head":"<!-- This site is optimized with the Yoast SEO plugin v27.2 - https:\/\/yoast.com\/product\/yoast-seo-wordpress\/ -->\n<title>Rreth Nesh | Zero HMT<\/title>\n<meta name=\"description\" content=\"Zero HMT ofron kurset m\u00eb t\u00eb mira t\u00eb menaxhimit n\u00eb fush\u00ebn e hospitalitetit q\u00eb t\u00eb nd\u00ebrtoni nj\u00eb kompani t\u00eb suksesshme dhe t\u00eb ofroni cil\u00ebsi t\u00eb lart\u00eb sh\u00ebrbimi.\" \/>\n<meta name=\"robots\" content=\"index, follow, max-snippet:-1, max-image-preview:large, max-video-preview:-1\" \/>\n<link rel=\"canonical\" href=\"https:\/\/www.zerohmt.com\/sq\/rreth-nesh\/\" \/>\n<meta property=\"og:locale\" content=\"sq_AL\" \/>\n<meta property=\"og:type\" content=\"article\" \/>\n<meta property=\"og:title\" content=\"About Us | Zero HMT\" \/>\n<meta property=\"og:description\" content=\"Zero HMT offers the best hospitality management courses to help you build a better company and deliver high quality service. Get more recognition today!\" \/>\n<meta property=\"og:url\" content=\"https:\/\/www.zerohmt.com\/sq\/rreth-nesh\/\" \/>\n<meta property=\"og:site_name\" content=\"Zero Hmt\" \/>\n<meta property=\"article:modified_time\" content=\"2022-03-04T13:18:49+00:00\" \/>\n<meta property=\"og:image\" content=\"https:\/\/www.zerohmt.com\/wp-content\/uploads\/2022\/01\/About-Us-Zerohmt.jpg\" \/>\n\t<meta property=\"og:image:width\" content=\"1920\" \/>\n\t<meta property=\"og:image:height\" content=\"774\" \/>\n\t<meta property=\"og:image:type\" content=\"image\/jpeg\" \/>\n<meta name=\"twitter:card\" content=\"summary_large_image\" \/>\n<meta name=\"twitter:title\" content=\"About Us | Zero HMT\" \/>\n<meta name=\"twitter:description\" content=\"Zero HMT offers the best hospitality management courses to help you build a better company and deliver high quality service. Get more recognition today!\" \/>\n<meta name=\"twitter:label1\" content=\"Est. reading time\" \/>\n\t<meta name=\"twitter:data1\" content=\"2 minutes\" \/>\n<script type=\"application\/ld+json\" class=\"yoast-schema-graph\">{\"@context\":\"https:\/\/schema.org\",\"@graph\":[{\"@type\":\"WebPage\",\"@id\":\"https:\/\/www.zerohmt.com\/sq\/rreth-nesh\/\",\"url\":\"https:\/\/www.zerohmt.com\/sq\/rreth-nesh\/\",\"name\":\"Rreth Nesh | Zero HMT\",\"isPartOf\":{\"@id\":\"https:\/\/www.zerohmt.com\/#website\"},\"primaryImageOfPage\":{\"@id\":\"https:\/\/www.zerohmt.com\/sq\/rreth-nesh\/#primaryimage\"},\"image\":{\"@id\":\"https:\/\/www.zerohmt.com\/sq\/rreth-nesh\/#primaryimage\"},\"thumbnailUrl\":\"https:\/\/www.zerohmt.com\/wp-content\/uploads\/2022\/01\/About-Us-Zerohmt.jpg\",\"datePublished\":\"2021-01-22T14:48:08+00:00\",\"dateModified\":\"2022-03-04T13:18:49+00:00\",\"description\":\"Zero HMT ofron kurset m\u00eb t\u00eb mira t\u00eb menaxhimit n\u00eb fush\u00ebn e hospitalitetit q\u00eb t\u00eb nd\u00ebrtoni nj\u00eb kompani t\u00eb suksesshme dhe t\u00eb ofroni cil\u00ebsi t\u00eb lart\u00eb sh\u00ebrbimi.\",\"breadcrumb\":{\"@id\":\"https:\/\/www.zerohmt.com\/sq\/rreth-nesh\/#breadcrumb\"},\"inLanguage\":\"sq-AL\",\"potentialAction\":[{\"@type\":\"ReadAction\",\"target\":[\"https:\/\/www.zerohmt.com\/sq\/rreth-nesh\/\"]}]},{\"@type\":\"ImageObject\",\"inLanguage\":\"sq-AL\",\"@id\":\"https:\/\/www.zerohmt.com\/sq\/rreth-nesh\/#primaryimage\",\"url\":\"https:\/\/www.zerohmt.com\/wp-content\/uploads\/2022\/01\/About-Us-Zerohmt.jpg\",\"contentUrl\":\"https:\/\/www.zerohmt.com\/wp-content\/uploads\/2022\/01\/About-Us-Zerohmt.jpg\",\"width\":1920,\"height\":774},{\"@type\":\"BreadcrumbList\",\"@id\":\"https:\/\/www.zerohmt.com\/sq\/rreth-nesh\/#breadcrumb\",\"itemListElement\":[{\"@type\":\"ListItem\",\"position\":1,\"name\":\"Home\",\"item\":\"https:\/\/www.zerohmt.com\/sq\/\"},{\"@type\":\"ListItem\",\"position\":2,\"name\":\"Rreth nesh\"}]},{\"@type\":\"WebSite\",\"@id\":\"https:\/\/www.zerohmt.com\/#website\",\"url\":\"https:\/\/www.zerohmt.com\/\",\"name\":\"Zero Hmt\",\"description\":\"My WordPress Blog\",\"potentialAction\":[{\"@type\":\"SearchAction\",\"target\":{\"@type\":\"EntryPoint\",\"urlTemplate\":\"https:\/\/www.zerohmt.com\/?s={search_term_string}\"},\"query-input\":{\"@type\":\"PropertyValueSpecification\",\"valueRequired\":true,\"valueName\":\"search_term_string\"}}],\"inLanguage\":\"sq-AL\"}]}<\/script>\n<!-- \/ Yoast SEO plugin. -->","yoast_head_json":{"title":"Rreth Nesh | Zero HMT","description":"Zero HMT ofron kurset m\u00eb t\u00eb mira t\u00eb menaxhimit n\u00eb fush\u00ebn e hospitalitetit q\u00eb t\u00eb nd\u00ebrtoni nj\u00eb kompani t\u00eb suksesshme dhe t\u00eb ofroni cil\u00ebsi t\u00eb lart\u00eb sh\u00ebrbimi.","robots":{"index":"index","follow":"follow","max-snippet":"max-snippet:-1","max-image-preview":"max-image-preview:large","max-video-preview":"max-video-preview:-1"},"canonical":"https:\/\/www.zerohmt.com\/sq\/rreth-nesh\/","og_locale":"sq_AL","og_type":"article","og_title":"About Us | Zero HMT","og_description":"Zero HMT offers the best hospitality management courses to help you build a better company and deliver high quality service. Get more recognition today!","og_url":"https:\/\/www.zerohmt.com\/sq\/rreth-nesh\/","og_site_name":"Zero Hmt","article_modified_time":"2022-03-04T13:18:49+00:00","og_image":[{"width":1920,"height":774,"url":"https:\/\/www.zerohmt.com\/wp-content\/uploads\/2022\/01\/About-Us-Zerohmt.jpg","type":"image\/jpeg"}],"twitter_card":"summary_large_image","twitter_title":"About Us | Zero HMT","twitter_description":"Zero HMT offers the best hospitality management courses to help you build a better company and deliver high quality service. Get more recognition today!","twitter_misc":{"Est. reading time":"2 minutes"},"schema":{"@context":"https:\/\/schema.org","@graph":[{"@type":"WebPage","@id":"https:\/\/www.zerohmt.com\/sq\/rreth-nesh\/","url":"https:\/\/www.zerohmt.com\/sq\/rreth-nesh\/","name":"Rreth Nesh | Zero HMT","isPartOf":{"@id":"https:\/\/www.zerohmt.com\/#website"},"primaryImageOfPage":{"@id":"https:\/\/www.zerohmt.com\/sq\/rreth-nesh\/#primaryimage"},"image":{"@id":"https:\/\/www.zerohmt.com\/sq\/rreth-nesh\/#primaryimage"},"thumbnailUrl":"https:\/\/www.zerohmt.com\/wp-content\/uploads\/2022\/01\/About-Us-Zerohmt.jpg","datePublished":"2021-01-22T14:48:08+00:00","dateModified":"2022-03-04T13:18:49+00:00","description":"Zero HMT ofron kurset m\u00eb t\u00eb mira t\u00eb menaxhimit n\u00eb fush\u00ebn e hospitalitetit q\u00eb t\u00eb nd\u00ebrtoni nj\u00eb kompani t\u00eb suksesshme dhe t\u00eb ofroni cil\u00ebsi t\u00eb lart\u00eb sh\u00ebrbimi.","breadcrumb":{"@id":"https:\/\/www.zerohmt.com\/sq\/rreth-nesh\/#breadcrumb"},"inLanguage":"sq-AL","potentialAction":[{"@type":"ReadAction","target":["https:\/\/www.zerohmt.com\/sq\/rreth-nesh\/"]}]},{"@type":"ImageObject","inLanguage":"sq-AL","@id":"https:\/\/www.zerohmt.com\/sq\/rreth-nesh\/#primaryimage","url":"https:\/\/www.zerohmt.com\/wp-content\/uploads\/2022\/01\/About-Us-Zerohmt.jpg","contentUrl":"https:\/\/www.zerohmt.com\/wp-content\/uploads\/2022\/01\/About-Us-Zerohmt.jpg","width":1920,"height":774},{"@type":"BreadcrumbList","@id":"https:\/\/www.zerohmt.com\/sq\/rreth-nesh\/#breadcrumb","itemListElement":[{"@type":"ListItem","position":1,"name":"Home","item":"https:\/\/www.zerohmt.com\/sq\/"},{"@type":"ListItem","position":2,"name":"Rreth nesh"}]},{"@type":"WebSite","@id":"https:\/\/www.zerohmt.com\/#website","url":"https:\/\/www.zerohmt.com\/","name":"Zero Hmt","description":"My WordPress Blog","potentialAction":[{"@type":"SearchAction","target":{"@type":"EntryPoint","urlTemplate":"https:\/\/www.zerohmt.com\/?s={search_term_string}"},"query-input":{"@type":"PropertyValueSpecification","valueRequired":true,"valueName":"search_term_string"}}],"inLanguage":"sq-AL"}]}},"_links":{"self":[{"href":"https:\/\/www.zerohmt.com\/sq\/wp-json\/wp\/v2\/pages\/1610","targetHints":{"allow":["GET"]}}],"collection":[{"href":"https:\/\/www.zerohmt.com\/sq\/wp-json\/wp\/v2\/pages"}],"about":[{"href":"https:\/\/www.zerohmt.com\/sq\/wp-json\/wp\/v2\/types\/page"}],"author":[{"embeddable":true,"href":"https:\/\/www.zerohmt.com\/sq\/wp-json\/wp\/v2\/users\/1"}],"replies":[{"embeddable":true,"href":"https:\/\/www.zerohmt.com\/sq\/wp-json\/wp\/v2\/comments?post=1610"}],"version-history":[{"count":11,"href":"https:\/\/www.zerohmt.com\/sq\/wp-json\/wp\/v2\/pages\/1610\/revisions"}],"predecessor-version":[{"id":1849,"href":"https:\/\/www.zerohmt.com\/sq\/wp-json\/wp\/v2\/pages\/1610\/revisions\/1849"}],"wp:featuredmedia":[{"embeddable":true,"href":"https:\/\/www.zerohmt.com\/sq\/wp-json\/wp\/v2\/media\/1612"}],"wp:attachment":[{"href":"https:\/\/www.zerohmt.com\/sq\/wp-json\/wp\/v2\/media?parent=1610"}],"curies":[{"name":"wp","href":"https:\/\/api.w.org\/{rel}","templated":true}]}}